{"id":388,"date":"2024-01-15T13:46:59","date_gmt":"2024-01-15T16:46:59","guid":{"rendered":"https:\/\/vslawyers.co.uk\/?page_id=388"},"modified":"2024-03-06T19:44:50","modified_gmt":"2024-03-06T22:44:50","slug":"cookie-policy","status":"publish","type":"page","link":"https:\/\/vslawyers.co.uk\/pt\/cookie-policy\/","title":{"rendered":"Pol\u00edtica de Cookie"},"content":{"rendered":"<div data-elementor-type=\"wp-page\" data-elementor-id=\"388\" class=\"elementor elementor-388\" data-elementor-post-type=\"page\">\n\t\t\t\t\t\t<section data-particle_enable=\"false\" data-particle-mobile-disabled=\"false\" class=\"elementor-section elementor-top-section elementor-element elementor-element-223c5fec elementor-reverse-tablet elementor-reverse-mobile elementor-section-boxed elementor-section-height-default elementor-section-height-default\" data-id=\"223c5fec\" data-element_type=\"section\" data-settings=\"{&quot;background_background&quot;:&quot;classic&quot;,&quot;jet_parallax_layout_list&quot;:[]}\">\n\t\t\t\t\t\t\t<div class=\"elementor-background-overlay\"><\/div>\n\t\t\t\t\t\t\t<div class=\"elementor-container elementor-column-gap-no\">\n\t\t\t\t\t<div class=\"elementor-column elementor-col-100 elementor-top-column elementor-element elementor-element-4e1a0f4f\" data-id=\"4e1a0f4f\" data-element_type=\"column\">\n\t\t\t<div class=\"elementor-widget-wrap elementor-element-populated\">\n\t\t\t\t\t\t<div class=\"elementor-element elementor-element-4b285597 elementor-widget elementor-widget-heading\" data-id=\"4b285597\" data-element_type=\"widget\" data-widget_type=\"heading.default\">\n\t\t\t\t<div class=\"elementor-widget-container\">\n\t\t\t<style>\/*! elementor - v3.19.0 - 28-02-2024 *\/\n.elementor-heading-title{padding:0;margin:0;line-height:1}.elementor-widget-heading .elementor-heading-title[class*=elementor-size-]>a{color:inherit;font-size:inherit;line-height:inherit}.elementor-widget-heading .elementor-heading-title.elementor-size-small{font-size:15px}.elementor-widget-heading .elementor-heading-title.elementor-size-medium{font-size:19px}.elementor-widget-heading .elementor-heading-title.elementor-size-large{font-size:29px}.elementor-widget-heading .elementor-heading-title.elementor-size-xl{font-size:39px}.elementor-widget-heading .elementor-heading-title.elementor-size-xxl{font-size:59px}<\/style><h1 class=\"elementor-heading-title elementor-size-default\">Pol\u00edtica de Cookie<\/h1>\t\t<\/div>\n\t\t\t\t<\/div>\n\t\t\t\t\t<\/div>\n\t\t<\/div>\n\t\t\t\t\t<\/div>\n\t\t<\/section>\n\t\t\t\t<section data-particle_enable=\"false\" data-particle-mobile-disabled=\"false\" class=\"elementor-section elementor-top-section elementor-element elementor-element-7773b7ef elementor-section-content-middle elementor-section-boxed elementor-section-height-default elementor-section-height-default\" data-id=\"7773b7ef\" data-element_type=\"section\" data-settings=\"{&quot;background_background&quot;:&quot;gradient&quot;,&quot;jet_parallax_layout_list&quot;:[]}\">\n\t\t\t\t\t\t<div class=\"elementor-container elementor-column-gap-no\">\n\t\t\t\t\t<div class=\"elementor-column elementor-col-100 elementor-top-column elementor-element elementor-element-24075966\" data-id=\"24075966\" data-element_type=\"column\">\n\t\t\t<div class=\"elementor-widget-wrap elementor-element-populated\">\n\t\t\t\t\t\t<div class=\"elementor-element elementor-element-111d5704 elementor-widget elementor-widget-heading\" data-id=\"111d5704\" data-element_type=\"widget\" data-widget_type=\"heading.default\">\n\t\t\t\t<div class=\"elementor-widget-container\">\n\t\t\t<p class=\"elementor-heading-title elementor-size-default\">Obrigado por visitar o site www.vslawyers.co.uk. Esta Pol\u00edtica de Cookies explica como usamos cookies e tecnologias semelhantes em nosso site.<\/p>\t\t<\/div>\n\t\t\t\t<\/div>\n\t\t\t\t<div class=\"elementor-element elementor-element-cd35aae elementor-widget elementor-widget-text-editor\" data-id=\"cd35aae\" data-element_type=\"widget\" data-widget_type=\"text-editor.default\">\n\t\t\t\t<div class=\"elementor-widget-container\">\n\t\t\t<style>\/*! elementor - v3.19.0 - 28-02-2024 *\/\n.elementor-widget-text-editor.elementor-drop-cap-view-stacked .elementor-drop-cap{background-color:#69727d;color:#fff}.elementor-widget-text-editor.elementor-drop-cap-view-framed .elementor-drop-cap{color:#69727d;border:3px solid;background-color:transparent}.elementor-widget-text-editor:not(.elementor-drop-cap-view-default) .elementor-drop-cap{margin-top:8px}.elementor-widget-text-editor:not(.elementor-drop-cap-view-default) .elementor-drop-cap-letter{width:1em;height:1em}.elementor-widget-text-editor .elementor-drop-cap{float:left;text-align:center;line-height:1;font-size:50px}.elementor-widget-text-editor .elementor-drop-cap-letter{display:inline-block}<\/style>\t\t\t\t<p><span style=\"color: #0a122b; font-family: Poppins, sans-serif; white-space-collapse: preserve;\">Cookies s\u00e3o pequenos arquivos de texto que s\u00e3o colocados em seu computador pelos sites que voc\u00ea visita. Eles s\u00e3o amplamente usados para fazer com que os sites funcionem ou trabalhem com mais efici\u00eancia, bem como para fornecer informa\u00e7\u00f5es aos propriet\u00e1rios do site. <\/span><\/p>\t\t\t\t\t\t<\/div>\n\t\t\t\t<\/div>\n\t\t\t\t<div class=\"elementor-element elementor-element-65f3f86 elementor-widget elementor-widget-text-editor\" data-id=\"65f3f86\" data-element_type=\"widget\" data-widget_type=\"text-editor.default\">\n\t\t\t\t<div class=\"elementor-widget-container\">\n\t\t\t\t\t\t\t<p><span style=\"color: #0a122b; font-family: Poppins, sans-serif; white-space-collapse: preserve; font-weight: var( --e-global-typography-text-font-weight ); background-color: transparent; font-size: 1rem;\">Utilizamos cookies para os seguintes fins:<\/span><\/p>\t\t\t\t\t\t<\/div>\n\t\t\t\t<\/div>\n\t\t\t\t<div class=\"elementor-element elementor-element-9180958 elementor-widget elementor-widget-text-editor\" data-id=\"9180958\" data-element_type=\"widget\" data-widget_type=\"text-editor.default\">\n\t\t\t\t<div class=\"elementor-widget-container\">\n\t\t\t\t\t\t\t<p><span style=\"background-color: transparent; font-size: 1rem; white-space-collapse: preserve; font-weight: bold; color: #0a122b; font-family: Poppins, sans-serif;\">Cookies essenciais: <\/span><span style=\"font-weight: var( --e-global-typography-text-font-weight ); background-color: transparent; font-size: 1rem; white-space-collapse: preserve; color: #0a122b; font-family: Poppins, sans-serif;\">Esses cookies s\u00e3o necess\u00e1rios para o funcionamento adequado de nosso site. Eles permitem que voc\u00ea navegue em nosso site e use seus recursos.<\/span><\/p>\t\t\t\t\t\t<\/div>\n\t\t\t\t<\/div>\n\t\t\t\t<div class=\"elementor-element elementor-element-b18cee6 elementor-widget elementor-widget-text-editor\" data-id=\"b18cee6\" data-element_type=\"widget\" data-widget_type=\"text-editor.default\">\n\t\t\t\t<div class=\"elementor-widget-container\">\n\t\t\t\t\t\t\t<p><span style=\"background-color: transparent; font-size: 1rem; white-space-collapse: preserve; font-weight: bold; color: #0a122b; font-family: Poppins, sans-serif;\">Cookies de an\u00e1lise:<\/span><span style=\"font-weight: var( --e-global-typography-text-font-weight ); background-color: transparent; font-size: 1rem; white-space-collapse: preserve; color: #0a122b; font-family: Poppins, sans-serif;\"> Usamos cookies anal\u00edticos para coletar informa\u00e7\u00f5es sobre como os visitantes usam nosso site. Isso nos ajuda a analisar dados sobre o tr\u00e1fego da p\u00e1gina da Web e a aprimorar nosso site para adapt\u00e1-lo \u00e0s necessidades de nossos clientes.<\/span><\/p>\t\t\t\t\t\t<\/div>\n\t\t\t\t<\/div>\n\t\t\t\t<div class=\"elementor-element elementor-element-769dd2a elementor-widget elementor-widget-text-editor\" data-id=\"769dd2a\" data-element_type=\"widget\" data-widget_type=\"text-editor.default\">\n\t\t\t\t<div class=\"elementor-widget-container\">\n\t\t\t\t\t\t\t<p><span style=\"color: #0a122b; font-family: Poppins, sans-serif;\"><span style=\"white-space-collapse: preserve;\">A maioria dos navegadores da Web permite algum controle da maioria dos cookies por meio das configura\u00e7\u00f5es do navegador. Para saber mais sobre cookies, inclusive como ver quais cookies foram definidos e como gerenci\u00e1-los e exclu\u00ed-los, visite www.allaboutcookies.org.<\/span><\/span><\/p>\t\t\t\t\t\t<\/div>\n\t\t\t\t<\/div>\n\t\t\t\t<div class=\"elementor-element elementor-element-7ecc4dd elementor-widget elementor-widget-text-editor\" data-id=\"7ecc4dd\" data-element_type=\"widget\" data-widget_type=\"text-editor.default\">\n\t\t\t\t<div class=\"elementor-widget-container\">\n\t\t\t\t\t\t\t<p>Se tiver alguma d\u00favida ou preocupa\u00e7\u00e3o sobre o uso de cookies, envie-nos um e-mail para info@vslawyers.co.uk.<\/p>\t\t\t\t\t\t<\/div>\n\t\t\t\t<\/div>\n\t\t\t\t\t<\/div>\n\t\t<\/div>\n\t\t\t\t\t<\/div>\n\t\t<\/section>\n\t\t\t\t<section data-particle_enable=\"false\" data-particle-mobile-disabled=\"false\" class=\"elementor-section elementor-top-section elementor-element elementor-element-4e08ceb2 elementor-section-boxed elementor-section-height-default elementor-section-height-default\" data-id=\"4e08ceb2\" data-element_type=\"section\" data-settings=\"{&quot;background_background&quot;:&quot;classic&quot;,&quot;jet_parallax_layout_list&quot;:[]}\">\n\t\t\t\t\t\t\t<div class=\"elementor-background-overlay\"><\/div>\n\t\t\t\t\t\t\t<div class=\"elementor-container elementor-column-gap-no\">\n\t\t\t\t\t<div class=\"elementor-column elementor-col-100 elementor-top-column elementor-element elementor-element-48fa464c\" data-id=\"48fa464c\" data-element_type=\"column\" data-settings=\"{&quot;background_background&quot;:&quot;classic&quot;}\">\n\t\t\t<div class=\"elementor-widget-wrap elementor-element-populated\">\n\t\t\t\t\t<div class=\"elementor-background-overlay\"><\/div>\n\t\t\t\t\t\t<div class=\"elementor-element elementor-element-556efca3 elementor-widget__width-initial elementor-widget-tablet__width-inherit elementor-widget elementor-widget-heading\" data-id=\"556efca3\" data-element_type=\"widget\" data-widget_type=\"heading.default\">\n\t\t\t\t<div class=\"elementor-widget-container\">\n\t\t\t<h2 class=\"elementor-heading-title elementor-size-default\">Encontre solu\u00e7\u00f5es\njur\u00eddicas hoje<\/h2>\t\t<\/div>\n\t\t\t\t<\/div>\n\t\t\t\t<div class=\"elementor-element elementor-element-4db03f1f elementor-widget elementor-widget-heading\" data-id=\"4db03f1f\" data-element_type=\"widget\" data-widget_type=\"heading.default\">\n\t\t\t\t<div class=\"elementor-widget-container\">\n\t\t\t<p class=\"elementor-heading-title elementor-size-default\">Marque a sua consulta para obter orienta\u00e7\u00e3o e apoio especializado.<\/p>\t\t<\/div>\n\t\t\t\t<\/div>\n\t\t\t\t<div class=\"elementor-element elementor-element-37ba1f0d elementor-align-center elementor-widget elementor-widget-button\" data-id=\"37ba1f0d\" data-element_type=\"widget\" data-widget_type=\"button.default\">\n\t\t\t\t<div class=\"elementor-widget-container\">\n\t\t\t\t\t<div class=\"elementor-button-wrapper\">\n\t\t\t<a class=\"elementor-button elementor-button-link elementor-size-md elementor-animation-shrink\" href=\"https:\/\/vslawyers.co.uk\/pt\/contact\/\">\n\t\t\t\t\t\t<span class=\"elementor-button-content-wrapper\">\n\t\t\t\t\t\t<span class=\"elementor-button-text\">Contato<\/span>\n\t\t<\/span>\n\t\t\t\t\t<\/a>\n\t\t<\/div>\n\t\t\t\t<\/div>\n\t\t\t\t<\/div>\n\t\t\t\t\t<\/div>\n\t\t<\/div>\n\t\t\t\t\t<\/div>\n\t\t<\/section>\n\t\t\t\t<\/div>","protected":false},"excerpt":{"rendered":"<p>Cookie Policy Thank you for visiting the www.vslawyers.co.uk. This Cookies Policy explains how we use cookies and similar technologies on our website. Cookies are small text files that are placed on your computer by websites that you visit. They are widely used in order to make websites work, or work more efficiently, as well as [&hellip;]<\/p>","protected":false},"author":2,"featured_media":0,"parent":0,"menu_order":0,"comment_status":"closed","ping_status":"closed","template":"","meta":{"footnotes":"","_joinchat":[]},"yoast_head":"<!-- This site is optimized with the Yoast SEO plugin v22.2 - https:\/\/yoast.com\/wordpress\/plugins\/seo\/ -->\n<title>Cookie Policy - VS Lawyers<\/title>\n<meta name=\"description\" content=\"Cookie Policy\" \/>\n<meta name=\"robots\" content=\"noindex, nofollow\" \/>\n<meta property=\"og:locale\" content=\"pt_BR\" \/>\n<meta property=\"og:type\" content=\"article\" \/>\n<meta property=\"og:title\" content=\"Cookie Policy - VS Lawyers\" \/>\n<meta property=\"og:description\" content=\"Cookie Policy\" \/>\n<meta property=\"og:url\" content=\"https:\/\/vslawyers.co.uk\/pt\/cookie-policy\/\" \/>\n<meta property=\"og:site_name\" content=\"VS Lawyers\" \/>\n<meta property=\"article:modified_time\" content=\"2024-03-06T22:44:50+00:00\" \/>\n<meta property=\"og:image\" content=\"https:\/\/vslawyers.co.uk\/wp-content\/uploads\/2024\/03\/Untitled-3-01.png\" \/>\n\t<meta property=\"og:image:width\" content=\"1200\" \/>\n\t<meta property=\"og:image:height\" content=\"630\" \/>\n\t<meta property=\"og:image:type\" content=\"image\/png\" \/>\n<meta name=\"twitter:card\" content=\"summary_large_image\" \/>\n<meta name=\"twitter:label1\" content=\"Est. tempo de leitura\" \/>\n\t<meta name=\"twitter:data1\" content=\"1 minuto\" \/>\n<script type=\"application\/ld+json\" class=\"yoast-schema-graph\">{\"@context\":\"https:\/\/schema.org\",\"@graph\":[{\"@type\":\"WebPage\",\"@id\":\"https:\/\/vslawyers.co.uk\/cookie-policy\/\",\"url\":\"https:\/\/vslawyers.co.uk\/cookie-policy\/\",\"name\":\"Cookie Policy - VS Lawyers\",\"isPartOf\":{\"@id\":\"https:\/\/vslawyers.co.uk\/#website\"},\"datePublished\":\"2024-01-15T16:46:59+00:00\",\"dateModified\":\"2024-03-06T22:44:50+00:00\",\"description\":\"Cookie Policy\",\"breadcrumb\":{\"@id\":\"https:\/\/vslawyers.co.uk\/cookie-policy\/#breadcrumb\"},\"inLanguage\":\"pt-BR\",\"potentialAction\":[{\"@type\":\"ReadAction\",\"target\":[\"https:\/\/vslawyers.co.uk\/cookie-policy\/\"]}]},{\"@type\":\"BreadcrumbList\",\"@id\":\"https:\/\/vslawyers.co.uk\/cookie-policy\/#breadcrumb\",\"itemListElement\":[{\"@type\":\"ListItem\",\"position\":1,\"name\":\"In\u00edcio\",\"item\":\"https:\/\/vslawyers.co.uk\/\"},{\"@type\":\"ListItem\",\"position\":2,\"name\":\"Cookie Policy\"}]},{\"@type\":\"WebSite\",\"@id\":\"https:\/\/vslawyers.co.uk\/#website\",\"url\":\"https:\/\/vslawyers.co.uk\/\",\"name\":\"VS Lawyers - UK Immigration Solicitors\",\"description\":\"VS Lawyers is a law firm consisting of solicitors and legal professionals with expertise in UK immigration law and citizenship.\",\"publisher\":{\"@id\":\"https:\/\/vslawyers.co.uk\/#organization\"},\"alternateName\":\"VS Lawyers\",\"potentialAction\":[{\"@type\":\"SearchAction\",\"target\":{\"@type\":\"EntryPoint\",\"urlTemplate\":\"https:\/\/vslawyers.co.uk\/?s={search_term_string}\"},\"query-input\":\"required name=search_term_string\"}],\"inLanguage\":\"pt-BR\"},{\"@type\":\"Organization\",\"@id\":\"https:\/\/vslawyers.co.uk\/#organization\",\"name\":\"VS Lawyers - UK Immigration Solicitors\",\"alternateName\":\"VS Lawyers\",\"url\":\"https:\/\/vslawyers.co.uk\/\",\"logo\":{\"@type\":\"ImageObject\",\"inLanguage\":\"pt-BR\",\"@id\":\"https:\/\/vslawyers.co.uk\/#\/schema\/logo\/image\/\",\"url\":\"http:\/\/vslawyers.co.uk\/wp-content\/uploads\/2024\/02\/logo-1-vs-2048x683-3.jpg\",\"contentUrl\":\"http:\/\/vslawyers.co.uk\/wp-content\/uploads\/2024\/02\/logo-1-vs-2048x683-3.jpg\",\"width\":650,\"height\":649,\"caption\":\"VS Lawyers - UK Immigration Solicitors\"},\"image\":{\"@id\":\"https:\/\/vslawyers.co.uk\/#\/schema\/logo\/image\/\"},\"sameAs\":[\"https:\/\/www.instagram.com\/drvicentedossantos\"]}]}<\/script>\n<!-- \/ Yoast SEO plugin. -->","yoast_head_json":{"title":"Cookie Policy - VS Lawyers","description":"Cookie Policy","robots":{"index":"noindex","follow":"nofollow"},"og_locale":"pt_BR","og_type":"article","og_title":"Cookie Policy - VS Lawyers","og_description":"Cookie Policy","og_url":"https:\/\/vslawyers.co.uk\/pt\/cookie-policy\/","og_site_name":"VS Lawyers","article_modified_time":"2024-03-06T22:44:50+00:00","og_image":[{"width":1200,"height":630,"url":"https:\/\/vslawyers.co.uk\/wp-content\/uploads\/2024\/03\/Untitled-3-01.png","type":"image\/png"}],"twitter_card":"summary_large_image","twitter_misc":{"Est. tempo de leitura":"1 minuto"},"schema":{"@context":"https:\/\/schema.org","@graph":[{"@type":"WebPage","@id":"https:\/\/vslawyers.co.uk\/cookie-policy\/","url":"https:\/\/vslawyers.co.uk\/cookie-policy\/","name":"Cookie Policy - VS Lawyers","isPartOf":{"@id":"https:\/\/vslawyers.co.uk\/#website"},"datePublished":"2024-01-15T16:46:59+00:00","dateModified":"2024-03-06T22:44:50+00:00","description":"Cookie Policy","breadcrumb":{"@id":"https:\/\/vslawyers.co.uk\/cookie-policy\/#breadcrumb"},"inLanguage":"pt-BR","potentialAction":[{"@type":"ReadAction","target":["https:\/\/vslawyers.co.uk\/cookie-policy\/"]}]},{"@type":"BreadcrumbList","@id":"https:\/\/vslawyers.co.uk\/cookie-policy\/#breadcrumb","itemListElement":[{"@type":"ListItem","position":1,"name":"In\u00edcio","item":"https:\/\/vslawyers.co.uk\/"},{"@type":"ListItem","position":2,"name":"Cookie Policy"}]},{"@type":"WebSite","@id":"https:\/\/vslawyers.co.uk\/#website","url":"https:\/\/vslawyers.co.uk\/","name":"VS Lawyers - UK Immigration Solicitors","description":"VS Lawyers is a law firm consisting of solicitors and legal professionals with expertise in UK immigration law and citizenship.","publisher":{"@id":"https:\/\/vslawyers.co.uk\/#organization"},"alternateName":"VS Lawyers","potentialAction":[{"@type":"SearchAction","target":{"@type":"EntryPoint","urlTemplate":"https:\/\/vslawyers.co.uk\/?s={search_term_string}"},"query-input":"required name=search_term_string"}],"inLanguage":"pt-BR"},{"@type":"Organization","@id":"https:\/\/vslawyers.co.uk\/#organization","name":"VS Lawyers - UK Immigration Solicitors","alternateName":"VS Lawyers","url":"https:\/\/vslawyers.co.uk\/","logo":{"@type":"ImageObject","inLanguage":"pt-BR","@id":"https:\/\/vslawyers.co.uk\/#\/schema\/logo\/image\/","url":"http:\/\/vslawyers.co.uk\/wp-content\/uploads\/2024\/02\/logo-1-vs-2048x683-3.jpg","contentUrl":"http:\/\/vslawyers.co.uk\/wp-content\/uploads\/2024\/02\/logo-1-vs-2048x683-3.jpg","width":650,"height":649,"caption":"VS Lawyers - UK Immigration Solicitors"},"image":{"@id":"https:\/\/vslawyers.co.uk\/#\/schema\/logo\/image\/"},"sameAs":["https:\/\/www.instagram.com\/drvicentedossantos"]}]}},"_links":{"self":[{"href":"https:\/\/vslawyers.co.uk\/pt\/wp-json\/wp\/v2\/pages\/388"}],"collection":[{"href":"https:\/\/vslawyers.co.uk\/pt\/wp-json\/wp\/v2\/pages"}],"about":[{"href":"https:\/\/vslawyers.co.uk\/pt\/wp-json\/wp\/v2\/types\/page"}],"author":[{"embeddable":true,"href":"https:\/\/vslawyers.co.uk\/pt\/wp-json\/wp\/v2\/users\/2"}],"replies":[{"embeddable":true,"href":"https:\/\/vslawyers.co.uk\/pt\/wp-json\/wp\/v2\/comments?post=388"}],"version-history":[{"count":25,"href":"https:\/\/vslawyers.co.uk\/pt\/wp-json\/wp\/v2\/pages\/388\/revisions"}],"predecessor-version":[{"id":973,"href":"https:\/\/vslawyers.co.uk\/pt\/wp-json\/wp\/v2\/pages\/388\/revisions\/973"}],"wp:attachment":[{"href":"https:\/\/vslawyers.co.uk\/pt\/wp-json\/wp\/v2\/media?parent=388"}],"curies":[{"name":"wp","href":"https:\/\/api.w.org\/{rel}","templated":true}]}}