{"id":361,"date":"2024-01-15T11:45:10","date_gmt":"2024-01-15T14:45:10","guid":{"rendered":"https:\/\/vslawyers.co.uk\/?page_id=361"},"modified":"2024-03-05T17:55:25","modified_gmt":"2024-03-05T20:55:25","slug":"business-immigration","status":"publish","type":"page","link":"https:\/\/vslawyers.co.uk\/pt\/business-immigration\/","title":{"rendered":"Imigra\u00e7\u00e3o Comercial"},"content":{"rendered":"<div data-elementor-type=\"wp-page\" data-elementor-id=\"361\" class=\"elementor elementor-361\" data-elementor-post-type=\"page\">\n\t\t\t\t\t\t<section data-particle_enable=\"false\" data-particle-mobile-disabled=\"false\" class=\"elementor-section elementor-top-section elementor-element elementor-element-41351283 elementor-reverse-tablet elementor-reverse-mobile elementor-section-boxed elementor-section-height-default elementor-section-height-default\" data-id=\"41351283\" data-element_type=\"section\" data-settings=\"{&quot;background_background&quot;:&quot;classic&quot;,&quot;jet_parallax_layout_list&quot;:[]}\">\n\t\t\t\t\t\t\t<div class=\"elementor-background-overlay\"><\/div>\n\t\t\t\t\t\t\t<div class=\"elementor-container elementor-column-gap-no\">\n\t\t\t\t\t<div class=\"elementor-column elementor-col-100 elementor-top-column elementor-element elementor-element-1d8e874c\" data-id=\"1d8e874c\" data-element_type=\"column\">\n\t\t\t<div class=\"elementor-widget-wrap elementor-element-populated\">\n\t\t\t\t\t\t<div class=\"elementor-element elementor-element-7d28f9d8 elementor-widget elementor-widget-heading\" data-id=\"7d28f9d8\" data-element_type=\"widget\" data-widget_type=\"heading.default\">\n\t\t\t\t<div class=\"elementor-widget-container\">\n\t\t\t<style>\/*! elementor - v3.19.0 - 28-02-2024 *\/\n.elementor-heading-title{padding:0;margin:0;line-height:1}.elementor-widget-heading .elementor-heading-title[class*=elementor-size-]>a{color:inherit;font-size:inherit;line-height:inherit}.elementor-widget-heading .elementor-heading-title.elementor-size-small{font-size:15px}.elementor-widget-heading .elementor-heading-title.elementor-size-medium{font-size:19px}.elementor-widget-heading .elementor-heading-title.elementor-size-large{font-size:29px}.elementor-widget-heading .elementor-heading-title.elementor-size-xl{font-size:39px}.elementor-widget-heading .elementor-heading-title.elementor-size-xxl{font-size:59px}<\/style><h1 class=\"elementor-heading-title elementor-size-default\">Imigra\u00e7\u00e3o Comercial<\/h1>\t\t<\/div>\n\t\t\t\t<\/div>\n\t\t\t\t<div class=\"elementor-element elementor-element-3a46d722 elementor-widget elementor-widget-heading\" data-id=\"3a46d722\" data-element_type=\"widget\" data-widget_type=\"heading.default\">\n\t\t\t\t<div class=\"elementor-widget-container\">\n\t\t\t<p class=\"elementor-heading-title elementor-size-default\">A VS Lawyers conta com especialistas em imigra\u00e7\u00e3o, atendendo a pessoas f\u00edsicas e jur\u00eddicas. Nossos advogados s\u00e3o especializados em leis de imigra\u00e7\u00e3o do Reino Unido, estendendo os servi\u00e7os globalmente.<\/p>\t\t<\/div>\n\t\t\t\t<\/div>\n\t\t\t\t<div class=\"elementor-element elementor-element-375fcd1f elementor-tablet-align-center elementor-align-center elementor-widget elementor-widget-button\" data-id=\"375fcd1f\" data-element_type=\"widget\" data-widget_type=\"button.default\">\n\t\t\t\t<div class=\"elementor-widget-container\">\n\t\t\t\t\t<div class=\"elementor-button-wrapper\">\n\t\t\t<a class=\"elementor-button elementor-button-link elementor-size-md elementor-animation-shrink\" href=\"https:\/\/vslawyers.co.uk\/pt\">\n\t\t\t\t\t\t<span class=\"elementor-button-content-wrapper\">\n\t\t\t\t\t\t<span class=\"elementor-button-text\">Volte para Home<\/span>\n\t\t<\/span>\n\t\t\t\t\t<\/a>\n\t\t<\/div>\n\t\t\t\t<\/div>\n\t\t\t\t<\/div>\n\t\t\t\t\t<\/div>\n\t\t<\/div>\n\t\t\t\t\t<\/div>\n\t\t<\/section>\n\t\t\t\t<section data-particle_enable=\"false\" data-particle-mobile-disabled=\"false\" class=\"elementor-section elementor-top-section elementor-element elementor-element-3b4271 elementor-section-content-middle elementor-section-boxed elementor-section-height-default elementor-section-height-default\" data-id=\"3b4271\" data-element_type=\"section\" data-settings=\"{&quot;jet_parallax_layout_list&quot;:[],&quot;background_background&quot;:&quot;classic&quot;}\">\n\t\t\t\t\t\t<div class=\"elementor-container elementor-column-gap-no\">\n\t\t\t\t\t<div class=\"elementor-column elementor-col-50 elementor-top-column elementor-element elementor-element-749f5151\" data-id=\"749f5151\" data-element_type=\"column\">\n\t\t\t<div class=\"elementor-widget-wrap elementor-element-populated\">\n\t\t\t\t\t\t<div class=\"elementor-element elementor-element-e2d05d2 animated-slow elementor-invisible elementor-widget elementor-widget-image\" data-id=\"e2d05d2\" data-element_type=\"widget\" data-settings=\"{&quot;_animation&quot;:&quot;fadeInUp&quot;}\" data-widget_type=\"image.default\">\n\t\t\t\t<div class=\"elementor-widget-container\">\n\t\t\t<style>\/*! elementor - v3.19.0 - 28-02-2024 *\/\n.elementor-widget-image{text-align:center}.elementor-widget-image a{display:inline-block}.elementor-widget-image a img[src$=\".svg\"]{width:48px}.elementor-widget-image img{vertical-align:middle;display:inline-block}<\/style>\t\t\t\t\t\t\t\t\t\t<img fetchpriority=\"high\" decoding=\"async\" width=\"2560\" height=\"1707\" src=\"https:\/\/vslawyers.co.uk\/wp-content\/uploads\/2024\/01\/homem-de-negocios-usando-telefone-celular-na-sala-de-espera-scaled.jpg\" class=\"attachment-full size-full wp-image-281\" alt=\"\" srcset=\"https:\/\/vslawyers.co.uk\/wp-content\/uploads\/2024\/01\/homem-de-negocios-usando-telefone-celular-na-sala-de-espera-scaled.jpg 2560w, https:\/\/vslawyers.co.uk\/wp-content\/uploads\/2024\/01\/homem-de-negocios-usando-telefone-celular-na-sala-de-espera-300x200.jpg 300w, https:\/\/vslawyers.co.uk\/wp-content\/uploads\/2024\/01\/homem-de-negocios-usando-telefone-celular-na-sala-de-espera-1024x683.jpg 1024w, https:\/\/vslawyers.co.uk\/wp-content\/uploads\/2024\/01\/homem-de-negocios-usando-telefone-celular-na-sala-de-espera-768x512.jpg 768w, https:\/\/vslawyers.co.uk\/wp-content\/uploads\/2024\/01\/homem-de-negocios-usando-telefone-celular-na-sala-de-espera-391x260.jpg 391w, https:\/\/vslawyers.co.uk\/wp-content\/uploads\/2024\/01\/homem-de-negocios-usando-telefone-celular-na-sala-de-espera-1536x1024.jpg 1536w, https:\/\/vslawyers.co.uk\/wp-content\/uploads\/2024\/01\/homem-de-negocios-usando-telefone-celular-na-sala-de-espera-2048x1365.jpg 2048w, https:\/\/vslawyers.co.uk\/wp-content\/uploads\/2024\/01\/homem-de-negocios-usando-telefone-celular-na-sala-de-espera-600x400.jpg 600w\" sizes=\"(max-width: 2560px) 100vw, 2560px\" \/>\t\t\t\t\t\t\t\t\t\t\t\t\t<\/div>\n\t\t\t\t<\/div>\n\t\t\t\t\t<\/div>\n\t\t<\/div>\n\t\t\t\t<div class=\"elementor-column elementor-col-50 elementor-top-column elementor-element elementor-element-4bfa612f\" data-id=\"4bfa612f\" data-element_type=\"column\">\n\t\t\t<div class=\"elementor-widget-wrap elementor-element-populated\">\n\t\t\t\t\t\t<div class=\"elementor-element elementor-element-7c966743 eael-divider-center elementor-widget elementor-widget-eael-divider\" data-id=\"7c966743\" data-element_type=\"widget\" data-widget_type=\"eael-divider.default\">\n\t\t\t\t<div class=\"elementor-widget-container\">\n\t\t\t\t\t<div class=\"eael-divider-wrap divider-direction-horizontal\">\n\t\t\t\t\t\t\t<div class=\"divider-text-container\">\n\t\t\t\t\t<div class=\"divider-text-wrap\">\n\t\t\t\t\t\t\t\t\t\t\t\t<span class=\"eael-divider-content\">\n\t\t\t\t\t\t\t\t\t\t\t\t\t\t\t<span class=\"eael-divider-text\">Para o seu neg\u00f3cio<\/span>\t\t\t\t\t\t\t\t\t\t\t\t\t<\/span>\n\t\t\t\t\t\t\t\t\t\t\t\t\t<span class=\"divider-border-wrap divider-border-right\">\n\t\t\t\t\t\t\t\t<span class=\"divider-border\"><\/span>\n\t\t\t\t\t\t\t<\/span>\n\t\t\t\t\t\t\t\t\t\t\t<\/div>\n\t\t\t\t<\/div>\n\t\t\t\t\t<\/div>\n\t\t<\/div>\n\t\t\t\t<\/div>\n\t\t\t\t<div class=\"elementor-element elementor-element-1f51773c elementor-widget elementor-widget-heading\" data-id=\"1f51773c\" data-element_type=\"widget\" data-widget_type=\"heading.default\">\n\t\t\t\t<div class=\"elementor-widget-container\">\n\t\t\t<h2 class=\"elementor-heading-title elementor-size-default\">Imigra\u00e7\u00e3o Comercial<\/h2>\t\t<\/div>\n\t\t\t\t<\/div>\n\t\t\t\t<div class=\"elementor-element elementor-element-3d842083 elementor-widget elementor-widget-heading\" data-id=\"3d842083\" data-element_type=\"widget\" data-widget_type=\"heading.default\">\n\t\t\t\t<div class=\"elementor-widget-container\">\n\t\t\t<p class=\"elementor-heading-title elementor-size-default\">Na VS Lawyers, a nossa equipe dedicada de peritos \u00e9 especializada em navegar no complexo panorama da imigra\u00e7\u00e3o empresarial. Quer seja um empres\u00e1rio, um investidor ou uma empresa que procura talentos qualificados, trazemos uma vasta experi\u00eancia para abordar uma s\u00e9rie de quest\u00f5es complexas de imigra\u00e7\u00e3o empresarial. Reconhecemos as necessidades \u00fanicas das empresas e adaptamos cuidadosamente a nossa abordagem para garantir que os objectivos de cada cliente sejam atingidos de forma eficiente.<\/p>\t\t<\/div>\n\t\t\t\t<\/div>\n\t\t\t\t<div class=\"elementor-element elementor-element-f9fbe14 elementor-widget elementor-widget-button\" data-id=\"f9fbe14\" data-element_type=\"widget\" data-widget_type=\"button.default\">\n\t\t\t\t<div class=\"elementor-widget-container\">\n\t\t\t\t\t<div class=\"elementor-button-wrapper\">\n\t\t\t<a class=\"elementor-button elementor-button-link elementor-size-md elementor-animation-shrink\" href=\"https:\/\/vslawyers.co.uk\/pt\/contact\/\">\n\t\t\t\t\t\t<span class=\"elementor-button-content-wrapper\">\n\t\t\t\t\t\t<span class=\"elementor-button-text\">CONTATO<\/span>\n\t\t<\/span>\n\t\t\t\t\t<\/a>\n\t\t<\/div>\n\t\t\t\t<\/div>\n\t\t\t\t<\/div>\n\t\t\t\t\t<\/div>\n\t\t<\/div>\n\t\t\t\t\t<\/div>\n\t\t<\/section>\n\t\t\t\t<section data-particle_enable=\"false\" data-particle-mobile-disabled=\"false\" class=\"elementor-section elementor-top-section elementor-element elementor-element-8c3baef elementor-section-content-middle elementor-section-boxed elementor-section-height-default elementor-section-height-default\" data-id=\"8c3baef\" data-element_type=\"section\" data-settings=\"{&quot;jet_parallax_layout_list&quot;:[],&quot;background_background&quot;:&quot;classic&quot;}\">\n\t\t\t\t\t\t<div class=\"elementor-container elementor-column-gap-no\">\n\t\t\t\t\t<div class=\"elementor-column elementor-col-100 elementor-top-column elementor-element elementor-element-c0448d0\" data-id=\"c0448d0\" data-element_type=\"column\">\n\t\t\t<div class=\"elementor-widget-wrap elementor-element-populated\">\n\t\t\t\t\t\t<div class=\"elementor-element elementor-element-64e26d2 elementor-widget elementor-widget-heading\" data-id=\"64e26d2\" data-element_type=\"widget\" data-widget_type=\"heading.default\">\n\t\t\t\t<div class=\"elementor-widget-container\">\n\t\t\t<h2 class=\"elementor-heading-title elementor-size-default\">Servi\u00e7os de imigra\u00e7\u00e3o comercial:<\/h2>\t\t<\/div>\n\t\t\t\t<\/div>\n\t\t\t\t<div class=\"elementor-element elementor-element-9814d78 elementor-icon-list--layout-traditional elementor-list-item-link-full_width elementor-widget elementor-widget-icon-list\" data-id=\"9814d78\" data-element_type=\"widget\" data-widget_type=\"icon-list.default\">\n\t\t\t\t<div class=\"elementor-widget-container\">\n\t\t\t<link rel=\"stylesheet\" href=\"https:\/\/vslawyers.co.uk\/wp-content\/plugins\/elementor\/assets\/css\/widget-icon-list.min.css\">\t\t<ul class=\"elementor-icon-list-items\">\n\t\t\t\t\t\t\t<li class=\"elementor-icon-list-item\">\n\t\t\t\t\t\t\t\t\t\t<span class=\"elementor-icon-list-text\">\u2022 Sponsor Licences for business<\/span>\n\t\t\t\t\t\t\t\t\t<\/li>\n\t\t\t\t\t\t\t\t<li class=\"elementor-icon-list-item\">\n\t\t\t\t\t\t\t\t\t\t<span class=\"elementor-icon-list-text\">\u2022 Innovator Founder visa<\/span>\n\t\t\t\t\t\t\t\t\t<\/li>\n\t\t\t\t\t\t\t\t<li class=\"elementor-icon-list-item\">\n\t\t\t\t\t\t\t\t\t\t<span class=\"elementor-icon-list-text\">\u2022 Skilled worker visa<\/span>\n\t\t\t\t\t\t\t\t\t<\/li>\n\t\t\t\t\t\t\t\t<li class=\"elementor-icon-list-item\">\n\t\t\t\t\t\t\t\t\t\t<span class=\"elementor-icon-list-text\">\u2022 Business Visitors<\/span>\n\t\t\t\t\t\t\t\t\t<\/li>\n\t\t\t\t\t\t\t\t<li class=\"elementor-icon-list-item\">\n\t\t\t\t\t\t\t\t\t\t<span class=\"elementor-icon-list-text\">\u2022 Global Business Mobility route<\/span>\n\t\t\t\t\t\t\t\t\t<\/li>\n\t\t\t\t\t\t\t\t<li class=\"elementor-icon-list-item\">\n\t\t\t\t\t\t\t\t\t\t<span class=\"elementor-icon-list-text\">\u2022 Creative Work visa<\/span>\n\t\t\t\t\t\t\t\t\t<\/li>\n\t\t\t\t\t\t\t\t<li class=\"elementor-icon-list-item\">\n\t\t\t\t\t\t\t\t\t\t<span class=\"elementor-icon-list-text\">\u2022 Global Talent visas<\/span>\n\t\t\t\t\t\t\t\t\t<\/li>\n\t\t\t\t\t\t<\/ul>\n\t\t\t\t<\/div>\n\t\t\t\t<\/div>\n\t\t\t\t<div class=\"elementor-element elementor-element-d84d95d elementor-widget elementor-widget-heading\" data-id=\"d84d95d\" data-element_type=\"widget\" data-widget_type=\"heading.default\">\n\t\t\t\t<div class=\"elementor-widget-container\">\n\t\t\t<p class=\"elementor-heading-title elementor-size-default\">Quer se trate de um indiv\u00edduo a navegar nos pedidos do Home Office ou a recorrer ao Tribunal de Imigra\u00e7\u00e3o, ou de uma empresa que procura aconselhamento especializado sobre imigra\u00e7\u00e3o comercial, a VS Lawyers oferece uma vasta experi\u00eancia em todos os aspectos da Imigra\u00e7\u00e3o do Reino Unido.<\/p>\t\t<\/div>\n\t\t\t\t<\/div>\n\t\t\t\t\t<\/div>\n\t\t<\/div>\n\t\t\t\t\t<\/div>\n\t\t<\/section>\n\t\t\t\t<section data-particle_enable=\"false\" data-particle-mobile-disabled=\"false\" class=\"elementor-section elementor-top-section elementor-element elementor-element-7c75d3c elementor-section-boxed elementor-section-height-default elementor-section-height-default\" data-id=\"7c75d3c\" data-element_type=\"section\" data-settings=\"{&quot;background_background&quot;:&quot;classic&quot;,&quot;jet_parallax_layout_list&quot;:[]}\">\n\t\t\t\t\t\t\t<div class=\"elementor-background-overlay\"><\/div>\n\t\t\t\t\t\t\t<div class=\"elementor-container elementor-column-gap-no\">\n\t\t\t\t\t<div class=\"elementor-column elementor-col-100 elementor-top-column elementor-element elementor-element-6333db7a\" data-id=\"6333db7a\" data-element_type=\"column\" data-settings=\"{&quot;background_background&quot;:&quot;classic&quot;}\">\n\t\t\t<div class=\"elementor-widget-wrap elementor-element-populated\">\n\t\t\t\t\t<div class=\"elementor-background-overlay\"><\/div>\n\t\t\t\t\t\t<div class=\"elementor-element elementor-element-63bf5e0 elementor-widget__width-initial elementor-widget-tablet__width-inherit elementor-widget elementor-widget-heading\" data-id=\"63bf5e0\" data-element_type=\"widget\" data-widget_type=\"heading.default\">\n\t\t\t\t<div class=\"elementor-widget-container\">\n\t\t\t<h2 class=\"elementor-heading-title elementor-size-default\">Encontre solu\u00e7\u00f5es\njur\u00eddicas hoje<\/h2>\t\t<\/div>\n\t\t\t\t<\/div>\n\t\t\t\t<div class=\"elementor-element elementor-element-430f609b elementor-widget elementor-widget-heading\" data-id=\"430f609b\" data-element_type=\"widget\" data-widget_type=\"heading.default\">\n\t\t\t\t<div class=\"elementor-widget-container\">\n\t\t\t<p class=\"elementor-heading-title elementor-size-default\">Marque a sua consulta para obter orienta\u00e7\u00e3o e apoio especializado.<\/p>\t\t<\/div>\n\t\t\t\t<\/div>\n\t\t\t\t<div class=\"elementor-element elementor-element-1fe9a9f6 elementor-align-center elementor-widget elementor-widget-button\" data-id=\"1fe9a9f6\" data-element_type=\"widget\" data-widget_type=\"button.default\">\n\t\t\t\t<div class=\"elementor-widget-container\">\n\t\t\t\t\t<div class=\"elementor-button-wrapper\">\n\t\t\t<a class=\"elementor-button elementor-button-link elementor-size-md elementor-animation-shrink\" href=\"https:\/\/vslawyers.co.uk\/pt\/contact\/\">\n\t\t\t\t\t\t<span class=\"elementor-button-content-wrapper\">\n\t\t\t\t\t\t<span class=\"elementor-button-text\">Contato<\/span>\n\t\t<\/span>\n\t\t\t\t\t<\/a>\n\t\t<\/div>\n\t\t\t\t<\/div>\n\t\t\t\t<\/div>\n\t\t\t\t\t<\/div>\n\t\t<\/div>\n\t\t\t\t\t<\/div>\n\t\t<\/section>\n\t\t\t\t<\/div>","protected":false},"excerpt":{"rendered":"<p>Business Immigration VS Lawyers boasts immigration specialists, catering to both individuals and businesses. Our lawyers specialise in UK Immigration law, extending services globally. back to home for your company Business Immigration At VS Lawyers, our dedicated team of experts specialises in navigating the complex landscape of business immigration. Whether you are an entrepreneur, investor, or [&hellip;]<\/p>","protected":false},"author":2,"featured_media":0,"parent":0,"menu_order":0,"comment_status":"closed","ping_status":"closed","template":"","meta":{"footnotes":"","_joinchat":[]},"yoast_head":"<!-- This site is optimized with the Yoast SEO plugin v22.2 - https:\/\/yoast.com\/wordpress\/plugins\/seo\/ -->\n<title>Business Immigration - VS Lawyers<\/title>\n<meta name=\"description\" content=\"Business Immigration VS Lawyers boasts immigration specialists, catering to both individuals and businesses. Our lawyers specialise in UK Immigration law,\" \/>\n<meta name=\"robots\" content=\"index, follow, max-snippet:-1, max-image-preview:large, max-video-preview:-1\" \/>\n<link rel=\"canonical\" href=\"https:\/\/vslawyers.co.uk\/pt\/business-immigration\/\" \/>\n<meta property=\"og:locale\" content=\"pt_BR\" \/>\n<meta property=\"og:type\" content=\"article\" \/>\n<meta property=\"og:title\" content=\"Business Immigration - VS Lawyers\" \/>\n<meta property=\"og:description\" content=\"Business Immigration VS Lawyers boasts immigration specialists, catering to both individuals and businesses. Our lawyers specialise in UK Immigration law,\" \/>\n<meta property=\"og:url\" content=\"https:\/\/vslawyers.co.uk\/pt\/business-immigration\/\" \/>\n<meta property=\"og:site_name\" content=\"VS Lawyers\" \/>\n<meta property=\"article:modified_time\" content=\"2024-03-05T20:55:25+00:00\" \/>\n<meta property=\"og:image\" content=\"http:\/\/vslawyers.co.uk\/wp-content\/uploads\/2024\/01\/homem-de-negocios-usando-telefone-celular-na-sala-de-espera-scaled.jpg\" \/>\n<meta name=\"twitter:card\" content=\"summary_large_image\" \/>\n<meta name=\"twitter:label1\" content=\"Est. tempo de leitura\" \/>\n\t<meta name=\"twitter:data1\" content=\"1 minuto\" \/>\n<script type=\"application\/ld+json\" class=\"yoast-schema-graph\">{\"@context\":\"https:\/\/schema.org\",\"@graph\":[{\"@type\":\"WebPage\",\"@id\":\"https:\/\/vslawyers.co.uk\/business-immigration\/\",\"url\":\"https:\/\/vslawyers.co.uk\/business-immigration\/\",\"name\":\"Business Immigration - VS Lawyers\",\"isPartOf\":{\"@id\":\"https:\/\/vslawyers.co.uk\/#website\"},\"primaryImageOfPage\":{\"@id\":\"https:\/\/vslawyers.co.uk\/business-immigration\/#primaryimage\"},\"image\":{\"@id\":\"https:\/\/vslawyers.co.uk\/business-immigration\/#primaryimage\"},\"thumbnailUrl\":\"http:\/\/vslawyers.co.uk\/wp-content\/uploads\/2024\/01\/homem-de-negocios-usando-telefone-celular-na-sala-de-espera-scaled.jpg\",\"datePublished\":\"2024-01-15T14:45:10+00:00\",\"dateModified\":\"2024-03-05T20:55:25+00:00\",\"description\":\"Business Immigration VS Lawyers boasts immigration specialists, catering to both individuals and businesses. Our lawyers specialise in UK Immigration law,\",\"breadcrumb\":{\"@id\":\"https:\/\/vslawyers.co.uk\/business-immigration\/#breadcrumb\"},\"inLanguage\":\"pt-BR\",\"potentialAction\":[{\"@type\":\"ReadAction\",\"target\":[\"https:\/\/vslawyers.co.uk\/business-immigration\/\"]}]},{\"@type\":\"ImageObject\",\"inLanguage\":\"pt-BR\",\"@id\":\"https:\/\/vslawyers.co.uk\/business-immigration\/#primaryimage\",\"url\":\"https:\/\/vslawyers.co.uk\/wp-content\/uploads\/2024\/01\/homem-de-negocios-usando-telefone-celular-na-sala-de-espera-scaled.jpg\",\"contentUrl\":\"https:\/\/vslawyers.co.uk\/wp-content\/uploads\/2024\/01\/homem-de-negocios-usando-telefone-celular-na-sala-de-espera-scaled.jpg\",\"width\":2560,\"height\":1707,\"caption\":\"Business Immigration\"},{\"@type\":\"BreadcrumbList\",\"@id\":\"https:\/\/vslawyers.co.uk\/business-immigration\/#breadcrumb\",\"itemListElement\":[{\"@type\":\"ListItem\",\"position\":1,\"name\":\"In\u00edcio\",\"item\":\"https:\/\/vslawyers.co.uk\/\"},{\"@type\":\"ListItem\",\"position\":2,\"name\":\"Business Immigration\"}]},{\"@type\":\"WebSite\",\"@id\":\"https:\/\/vslawyers.co.uk\/#website\",\"url\":\"https:\/\/vslawyers.co.uk\/\",\"name\":\"VS Lawyers - UK Immigration Solicitors\",\"description\":\"VS Lawyers is a law firm consisting of solicitors and legal professionals with expertise in UK immigration law and citizenship.\",\"publisher\":{\"@id\":\"https:\/\/vslawyers.co.uk\/#organization\"},\"alternateName\":\"VS Lawyers\",\"potentialAction\":[{\"@type\":\"SearchAction\",\"target\":{\"@type\":\"EntryPoint\",\"urlTemplate\":\"https:\/\/vslawyers.co.uk\/?s={search_term_string}\"},\"query-input\":\"required name=search_term_string\"}],\"inLanguage\":\"pt-BR\"},{\"@type\":\"Organization\",\"@id\":\"https:\/\/vslawyers.co.uk\/#organization\",\"name\":\"VS Lawyers - UK Immigration Solicitors\",\"alternateName\":\"VS Lawyers\",\"url\":\"https:\/\/vslawyers.co.uk\/\",\"logo\":{\"@type\":\"ImageObject\",\"inLanguage\":\"pt-BR\",\"@id\":\"https:\/\/vslawyers.co.uk\/#\/schema\/logo\/image\/\",\"url\":\"http:\/\/vslawyers.co.uk\/wp-content\/uploads\/2024\/02\/logo-1-vs-2048x683-3.jpg\",\"contentUrl\":\"http:\/\/vslawyers.co.uk\/wp-content\/uploads\/2024\/02\/logo-1-vs-2048x683-3.jpg\",\"width\":650,\"height\":649,\"caption\":\"VS Lawyers - UK Immigration Solicitors\"},\"image\":{\"@id\":\"https:\/\/vslawyers.co.uk\/#\/schema\/logo\/image\/\"},\"sameAs\":[\"https:\/\/www.instagram.com\/drvicentedossantos\"]}]}<\/script>\n<!-- \/ Yoast SEO plugin. -->","yoast_head_json":{"title":"Business Immigration - VS Lawyers","description":"Business Immigration VS Lawyers boasts immigration specialists, catering to both individuals and businesses. Our lawyers specialise in UK Immigration law,","robots":{"index":"index","follow":"follow","max-snippet":"max-snippet:-1","max-image-preview":"max-image-preview:large","max-video-preview":"max-video-preview:-1"},"canonical":"https:\/\/vslawyers.co.uk\/pt\/business-immigration\/","og_locale":"pt_BR","og_type":"article","og_title":"Business Immigration - VS Lawyers","og_description":"Business Immigration VS Lawyers boasts immigration specialists, catering to both individuals and businesses. Our lawyers specialise in UK Immigration law,","og_url":"https:\/\/vslawyers.co.uk\/pt\/business-immigration\/","og_site_name":"VS Lawyers","article_modified_time":"2024-03-05T20:55:25+00:00","og_image":[{"url":"http:\/\/vslawyers.co.uk\/wp-content\/uploads\/2024\/01\/homem-de-negocios-usando-telefone-celular-na-sala-de-espera-scaled.jpg"}],"twitter_card":"summary_large_image","twitter_misc":{"Est. tempo de leitura":"1 minuto"},"schema":{"@context":"https:\/\/schema.org","@graph":[{"@type":"WebPage","@id":"https:\/\/vslawyers.co.uk\/business-immigration\/","url":"https:\/\/vslawyers.co.uk\/business-immigration\/","name":"Business Immigration - VS Lawyers","isPartOf":{"@id":"https:\/\/vslawyers.co.uk\/#website"},"primaryImageOfPage":{"@id":"https:\/\/vslawyers.co.uk\/business-immigration\/#primaryimage"},"image":{"@id":"https:\/\/vslawyers.co.uk\/business-immigration\/#primaryimage"},"thumbnailUrl":"http:\/\/vslawyers.co.uk\/wp-content\/uploads\/2024\/01\/homem-de-negocios-usando-telefone-celular-na-sala-de-espera-scaled.jpg","datePublished":"2024-01-15T14:45:10+00:00","dateModified":"2024-03-05T20:55:25+00:00","description":"Business Immigration VS Lawyers boasts immigration specialists, catering to both individuals and businesses. Our lawyers specialise in UK Immigration law,","breadcrumb":{"@id":"https:\/\/vslawyers.co.uk\/business-immigration\/#breadcrumb"},"inLanguage":"pt-BR","potentialAction":[{"@type":"ReadAction","target":["https:\/\/vslawyers.co.uk\/business-immigration\/"]}]},{"@type":"ImageObject","inLanguage":"pt-BR","@id":"https:\/\/vslawyers.co.uk\/business-immigration\/#primaryimage","url":"https:\/\/vslawyers.co.uk\/wp-content\/uploads\/2024\/01\/homem-de-negocios-usando-telefone-celular-na-sala-de-espera-scaled.jpg","contentUrl":"https:\/\/vslawyers.co.uk\/wp-content\/uploads\/2024\/01\/homem-de-negocios-usando-telefone-celular-na-sala-de-espera-scaled.jpg","width":2560,"height":1707,"caption":"Business Immigration"},{"@type":"BreadcrumbList","@id":"https:\/\/vslawyers.co.uk\/business-immigration\/#breadcrumb","itemListElement":[{"@type":"ListItem","position":1,"name":"In\u00edcio","item":"https:\/\/vslawyers.co.uk\/"},{"@type":"ListItem","position":2,"name":"Business Immigration"}]},{"@type":"WebSite","@id":"https:\/\/vslawyers.co.uk\/#website","url":"https:\/\/vslawyers.co.uk\/","name":"VS Lawyers - UK Immigration Solicitors","description":"VS Lawyers is a law firm consisting of solicitors and legal professionals with expertise in UK immigration law and citizenship.","publisher":{"@id":"https:\/\/vslawyers.co.uk\/#organization"},"alternateName":"VS Lawyers","potentialAction":[{"@type":"SearchAction","target":{"@type":"EntryPoint","urlTemplate":"https:\/\/vslawyers.co.uk\/?s={search_term_string}"},"query-input":"required name=search_term_string"}],"inLanguage":"pt-BR"},{"@type":"Organization","@id":"https:\/\/vslawyers.co.uk\/#organization","name":"VS Lawyers - UK Immigration Solicitors","alternateName":"VS Lawyers","url":"https:\/\/vslawyers.co.uk\/","logo":{"@type":"ImageObject","inLanguage":"pt-BR","@id":"https:\/\/vslawyers.co.uk\/#\/schema\/logo\/image\/","url":"http:\/\/vslawyers.co.uk\/wp-content\/uploads\/2024\/02\/logo-1-vs-2048x683-3.jpg","contentUrl":"http:\/\/vslawyers.co.uk\/wp-content\/uploads\/2024\/02\/logo-1-vs-2048x683-3.jpg","width":650,"height":649,"caption":"VS Lawyers - UK Immigration Solicitors"},"image":{"@id":"https:\/\/vslawyers.co.uk\/#\/schema\/logo\/image\/"},"sameAs":["https:\/\/www.instagram.com\/drvicentedossantos"]}]}},"_links":{"self":[{"href":"https:\/\/vslawyers.co.uk\/pt\/wp-json\/wp\/v2\/pages\/361"}],"collection":[{"href":"https:\/\/vslawyers.co.uk\/pt\/wp-json\/wp\/v2\/pages"}],"about":[{"href":"https:\/\/vslawyers.co.uk\/pt\/wp-json\/wp\/v2\/types\/page"}],"author":[{"embeddable":true,"href":"https:\/\/vslawyers.co.uk\/pt\/wp-json\/wp\/v2\/users\/2"}],"replies":[{"embeddable":true,"href":"https:\/\/vslawyers.co.uk\/pt\/wp-json\/wp\/v2\/comments?post=361"}],"version-history":[{"count":40,"href":"https:\/\/vslawyers.co.uk\/pt\/wp-json\/wp\/v2\/pages\/361\/revisions"}],"predecessor-version":[{"id":921,"href":"https:\/\/vslawyers.co.uk\/pt\/wp-json\/wp\/v2\/pages\/361\/revisions\/921"}],"wp:attachment":[{"href":"https:\/\/vslawyers.co.uk\/pt\/wp-json\/wp\/v2\/media?parent=361"}],"curies":[{"name":"wp","href":"https:\/\/api.w.org\/{rel}","templated":true}]}}