{"id":310,"date":"2024-01-02T16:20:37","date_gmt":"2024-01-02T19:20:37","guid":{"rendered":"https:\/\/vslawyers.co.uk\/?page_id=310"},"modified":"2024-03-05T17:57:03","modified_gmt":"2024-03-05T20:57:03","slug":"news","status":"publish","type":"page","link":"https:\/\/vslawyers.co.uk\/pt\/news\/","title":{"rendered":"Not\u00edcias"},"content":{"rendered":"<div data-elementor-type=\"wp-page\" data-elementor-id=\"310\" class=\"elementor elementor-310\" data-elementor-post-type=\"page\">\n\t\t\t\t\t\t<section data-particle_enable=\"false\" data-particle-mobile-disabled=\"false\" class=\"elementor-section elementor-top-section elementor-element elementor-element-240a3d21 elementor-reverse-tablet elementor-reverse-mobile elementor-section-boxed elementor-section-height-default elementor-section-height-default\" data-id=\"240a3d21\" data-element_type=\"section\" data-settings=\"{&quot;background_background&quot;:&quot;classic&quot;,&quot;jet_parallax_layout_list&quot;:[]}\">\n\t\t\t\t\t\t\t<div class=\"elementor-background-overlay\"><\/div>\n\t\t\t\t\t\t\t<div class=\"elementor-container elementor-column-gap-no\">\n\t\t\t\t\t<div class=\"elementor-column elementor-col-100 elementor-top-column elementor-element elementor-element-7707d6ef\" data-id=\"7707d6ef\" data-element_type=\"column\">\n\t\t\t<div class=\"elementor-widget-wrap elementor-element-populated\">\n\t\t\t\t\t\t<div class=\"elementor-element elementor-element-68155308 elementor-widget elementor-widget-heading\" data-id=\"68155308\" data-element_type=\"widget\" data-widget_type=\"heading.default\">\n\t\t\t\t<div class=\"elementor-widget-container\">\n\t\t\t<style>\/*! elementor - v3.19.0 - 28-02-2024 *\/\n.elementor-heading-title{padding:0;margin:0;line-height:1}.elementor-widget-heading .elementor-heading-title[class*=elementor-size-]>a{color:inherit;font-size:inherit;line-height:inherit}.elementor-widget-heading .elementor-heading-title.elementor-size-small{font-size:15px}.elementor-widget-heading .elementor-heading-title.elementor-size-medium{font-size:19px}.elementor-widget-heading .elementor-heading-title.elementor-size-large{font-size:29px}.elementor-widget-heading .elementor-heading-title.elementor-size-xl{font-size:39px}.elementor-widget-heading .elementor-heading-title.elementor-size-xxl{font-size:59px}<\/style><h1 class=\"elementor-heading-title elementor-size-default\">Not\u00edcias<\/h1>\t\t<\/div>\n\t\t\t\t<\/div>\n\t\t\t\t\t<\/div>\n\t\t<\/div>\n\t\t\t\t\t<\/div>\n\t\t<\/section>\n\t\t\t\t<section data-particle_enable=\"false\" data-particle-mobile-disabled=\"false\" class=\"elementor-section elementor-top-section elementor-element elementor-element-2a6f0d8f elementor-section-boxed elementor-section-height-default elementor-section-height-default\" data-id=\"2a6f0d8f\" data-element_type=\"section\" data-settings=\"{&quot;jet_parallax_layout_list&quot;:[],&quot;background_background&quot;:&quot;classic&quot;}\">\n\t\t\t\t\t\t<div class=\"elementor-container elementor-column-gap-no\">\n\t\t\t\t\t<div class=\"elementor-column elementor-col-100 elementor-top-column elementor-element elementor-element-3dd8ca33\" data-id=\"3dd8ca33\" data-element_type=\"column\">\n\t\t\t<div class=\"elementor-widget-wrap elementor-element-populated\">\n\t\t\t\t\t\t<div class=\"elementor-element elementor-element-101fedfc elementor-posts--align-left elementor-grid-3 elementor-grid-tablet-2 elementor-grid-mobile-1 elementor-posts--thumbnail-top elementor-widget elementor-widget-posts\" data-id=\"101fedfc\" data-element_type=\"widget\" data-settings=\"{&quot;classic_row_gap&quot;:{&quot;unit&quot;:&quot;px&quot;,&quot;size&quot;:25,&quot;sizes&quot;:[]},&quot;classic_row_gap_mobile&quot;:{&quot;unit&quot;:&quot;px&quot;,&quot;size&quot;:23,&quot;sizes&quot;:[]},&quot;classic_columns&quot;:&quot;3&quot;,&quot;classic_columns_tablet&quot;:&quot;2&quot;,&quot;classic_columns_mobile&quot;:&quot;1&quot;,&quot;classic_row_gap_tablet&quot;:{&quot;unit&quot;:&quot;px&quot;,&quot;size&quot;:&quot;&quot;,&quot;sizes&quot;:[]}}\" data-widget_type=\"posts.classic\">\n\t\t\t\t<div class=\"elementor-widget-container\">\n\t\t\t<link rel=\"stylesheet\" href=\"https:\/\/vslawyers.co.uk\/wp-content\/plugins\/elementor-pro\/assets\/css\/widget-posts.min.css\">\t\t<div class=\"elementor-posts-container elementor-posts elementor-posts--skin-classic elementor-grid\">\n\t\t\t\t<article class=\"elementor-post elementor-grid-item post-579 post type-post status-publish format-standard has-post-thumbnail hentry category-uk-immigration\">\n\t\t\t\t<a class=\"elementor-post__thumbnail__link\" href=\"https:\/\/vslawyers.co.uk\/pt\/navigating-the-uk-immigration-landscape\/\" tabindex=\"-1\" >\n\t\t\t<div class=\"elementor-post__thumbnail\"><img fetchpriority=\"high\" decoding=\"async\" width=\"870\" height=\"1300\" src=\"https:\/\/vslawyers.co.uk\/wp-content\/uploads\/2024\/01\/pexels-photo-1427581.jpeg\" class=\"attachment-full size-full wp-image-580\" alt=\"royal guard standing near lamp post\" srcset=\"https:\/\/vslawyers.co.uk\/wp-content\/uploads\/2024\/01\/pexels-photo-1427581.jpeg 870w, https:\/\/vslawyers.co.uk\/wp-content\/uploads\/2024\/01\/pexels-photo-1427581-201x300.jpeg 201w, https:\/\/vslawyers.co.uk\/wp-content\/uploads\/2024\/01\/pexels-photo-1427581-685x1024.jpeg 685w, https:\/\/vslawyers.co.uk\/wp-content\/uploads\/2024\/01\/pexels-photo-1427581-768x1148.jpeg 768w\" sizes=\"(max-width: 870px) 100vw, 870px\" \/><\/div>\n\t\t<\/a>\n\t\t\t\t<div class=\"elementor-post__text\">\n\t\t\t\t<h2 class=\"elementor-post__title\">\n\t\t\t<a href=\"https:\/\/vslawyers.co.uk\/pt\/navigating-the-uk-immigration-landscape\/\" >\n\t\t\t\tNavegando no cen\u00e1rio de imigra\u00e7\u00e3o do Reino Unido\t\t\t<\/a>\n\t\t<\/h2>\n\t\t\t\t<div class=\"elementor-post__meta-data\">\n\t\t\t\t\t<span class=\"elementor-post-date\">\n\t\t\tjaneiro 23, 2024\t\t<\/span>\n\t\t\t\t<span class=\"elementor-post-avatar\">\n\t\t\tNenhum coment\u00e1rio\t\t<\/span>\n\t\t\t\t<\/div>\n\t\t\t\t<div class=\"elementor-post__excerpt\">\n\t\t\t<p>Embarque em uma jornada pelo intrincado mundo da imigra\u00e7\u00e3o brit\u00e2nica com Vicente Dos Santos!<\/p>\n\t\t<\/div>\n\t\t\n\t\t<a class=\"elementor-post__read-more\" href=\"https:\/\/vslawyers.co.uk\/pt\/navigating-the-uk-immigration-landscape\/\" aria-label=\"Read more about Navigating the UK Immigration Landscape\" tabindex=\"-1\" >\n\t\t\tSaiba Mais \u00bb\t\t<\/a>\n\n\t\t\t\t<\/div>\n\t\t\t\t<\/article>\n\t\t\t\t<article class=\"elementor-post elementor-grid-item post-582 post type-post status-publish format-standard has-post-thumbnail hentry category-uk-immigration\">\n\t\t\t\t<a class=\"elementor-post__thumbnail__link\" href=\"https:\/\/vslawyers.co.uk\/pt\/tailored-support-your-key-to-successful-uk-immigration\/\" tabindex=\"-1\" >\n\t\t\t<div class=\"elementor-post__thumbnail\"><img decoding=\"async\" width=\"1880\" height=\"1248\" src=\"https:\/\/vslawyers.co.uk\/wp-content\/uploads\/2024\/01\/london-tower-bridge-bridge-monument-51363.jpeg\" class=\"attachment-full size-full wp-image-583\" alt=\"tower bridge london\" srcset=\"https:\/\/vslawyers.co.uk\/wp-content\/uploads\/2024\/01\/london-tower-bridge-bridge-monument-51363.jpeg 1880w, https:\/\/vslawyers.co.uk\/wp-content\/uploads\/2024\/01\/london-tower-bridge-bridge-monument-51363-300x199.jpeg 300w, https:\/\/vslawyers.co.uk\/wp-content\/uploads\/2024\/01\/london-tower-bridge-bridge-monument-51363-1024x680.jpeg 1024w, https:\/\/vslawyers.co.uk\/wp-content\/uploads\/2024\/01\/london-tower-bridge-bridge-monument-51363-768x510.jpeg 768w, https:\/\/vslawyers.co.uk\/wp-content\/uploads\/2024\/01\/london-tower-bridge-bridge-monument-51363-1536x1020.jpeg 1536w\" sizes=\"(max-width: 1880px) 100vw, 1880px\" \/><\/div>\n\t\t<\/a>\n\t\t\t\t<div class=\"elementor-post__text\">\n\t\t\t\t<h2 class=\"elementor-post__title\">\n\t\t\t<a href=\"https:\/\/vslawyers.co.uk\/pt\/tailored-support-your-key-to-successful-uk-immigration\/\" >\n\t\t\t\tSuporte sob medida: Sua chave para uma imigra\u00e7\u00e3o bem-sucedida no Reino Unido\t\t\t<\/a>\n\t\t<\/h2>\n\t\t\t\t<div class=\"elementor-post__meta-data\">\n\t\t\t\t\t<span class=\"elementor-post-date\">\n\t\t\tjaneiro 23, 2024\t\t<\/span>\n\t\t\t\t<span class=\"elementor-post-avatar\">\n\t\t\tNenhum coment\u00e1rio\t\t<\/span>\n\t\t\t\t<\/div>\n\t\t\t\t<div class=\"elementor-post__excerpt\">\n\t\t\t<p>Como o cen\u00e1rio de imigra\u00e7\u00e3o do Reino Unido continua a evoluir, ter uma orienta\u00e7\u00e3o personalizada se torna crucial para um...<\/p>\n\t\t<\/div>\n\t\t\n\t\t<a class=\"elementor-post__read-more\" href=\"https:\/\/vslawyers.co.uk\/pt\/tailored-support-your-key-to-successful-uk-immigration\/\" aria-label=\"Read more about Tailored Support: Your Key to Successful UK Immigration\" tabindex=\"-1\" >\n\t\t\tSaiba Mais \u00bb\t\t<\/a>\n\n\t\t\t\t<\/div>\n\t\t\t\t<\/article>\n\t\t\t\t<article class=\"elementor-post elementor-grid-item post-585 post type-post status-publish format-standard has-post-thumbnail hentry category-uk-immigration\">\n\t\t\t\t<a class=\"elementor-post__thumbnail__link\" href=\"https:\/\/vslawyers.co.uk\/pt\/staying-ahead-vicente-dos-santos-unveils-the-latest-uk-immigration-insights\/\" tabindex=\"-1\" >\n\t\t\t<div class=\"elementor-post__thumbnail\"><img decoding=\"async\" width=\"1880\" height=\"1294\" src=\"https:\/\/vslawyers.co.uk\/wp-content\/uploads\/2024\/01\/pexels-photo-460672.jpeg\" class=\"attachment-full size-full wp-image-586\" alt=\"london cityscape\" srcset=\"https:\/\/vslawyers.co.uk\/wp-content\/uploads\/2024\/01\/pexels-photo-460672.jpeg 1880w, https:\/\/vslawyers.co.uk\/wp-content\/uploads\/2024\/01\/pexels-photo-460672-300x206.jpeg 300w, https:\/\/vslawyers.co.uk\/wp-content\/uploads\/2024\/01\/pexels-photo-460672-1024x705.jpeg 1024w, https:\/\/vslawyers.co.uk\/wp-content\/uploads\/2024\/01\/pexels-photo-460672-768x529.jpeg 768w, https:\/\/vslawyers.co.uk\/wp-content\/uploads\/2024\/01\/pexels-photo-460672-1536x1057.jpeg 1536w\" sizes=\"(max-width: 1880px) 100vw, 1880px\" \/><\/div>\n\t\t<\/a>\n\t\t\t\t<div class=\"elementor-post__text\">\n\t\t\t\t<h2 class=\"elementor-post__title\">\n\t\t\t<a href=\"https:\/\/vslawyers.co.uk\/pt\/staying-ahead-vicente-dos-santos-unveils-the-latest-uk-immigration-insights\/\" >\n\t\t\t\tFicar \u00e0 frente: Vicente Dos Santos revela os mais recentes insights sobre imigra\u00e7\u00e3o no Reino Unido\t\t\t<\/a>\n\t\t<\/h2>\n\t\t\t\t<div class=\"elementor-post__meta-data\">\n\t\t\t\t\t<span class=\"elementor-post-date\">\n\t\t\tjaneiro 23, 2024\t\t<\/span>\n\t\t\t\t<span class=\"elementor-post-avatar\">\n\t\t\tNenhum coment\u00e1rio\t\t<\/span>\n\t\t\t\t<\/div>\n\t\t\t\t<div class=\"elementor-post__excerpt\">\n\t\t\t<p>No din\u00e2mico mundo da imigra\u00e7\u00e3o no Reino Unido, manter-se informado \u00e9 fundamental. Junte-se a Vicente Dos Santos...<\/p>\n\t\t<\/div>\n\t\t\n\t\t<a class=\"elementor-post__read-more\" href=\"https:\/\/vslawyers.co.uk\/pt\/staying-ahead-vicente-dos-santos-unveils-the-latest-uk-immigration-insights\/\" aria-label=\"Read more about Staying Ahead: Vicente Dos Santos Unveils the Latest UK Immigration Insights\" tabindex=\"-1\" >\n\t\t\tSaiba Mais \u00bb\t\t<\/a>\n\n\t\t\t\t<\/div>\n\t\t\t\t<\/article>\n\t\t\t\t<\/div>\n\t\t\n\t\t\t\t<\/div>\n\t\t\t\t<\/div>\n\t\t\t\t\t<\/div>\n\t\t<\/div>\n\t\t\t\t\t<\/div>\n\t\t<\/section>\n\t\t\t\t<section data-particle_enable=\"false\" data-particle-mobile-disabled=\"false\" class=\"elementor-section elementor-top-section elementor-element elementor-element-4923ba94 elementor-section-boxed elementor-section-height-default elementor-section-height-default\" data-id=\"4923ba94\" data-element_type=\"section\" data-settings=\"{&quot;background_background&quot;:&quot;classic&quot;,&quot;jet_parallax_layout_list&quot;:[]}\">\n\t\t\t\t\t\t\t<div class=\"elementor-background-overlay\"><\/div>\n\t\t\t\t\t\t\t<div class=\"elementor-container elementor-column-gap-no\">\n\t\t\t\t\t<div class=\"elementor-column elementor-col-100 elementor-top-column elementor-element elementor-element-69e0f842\" data-id=\"69e0f842\" data-element_type=\"column\" data-settings=\"{&quot;background_background&quot;:&quot;classic&quot;}\">\n\t\t\t<div class=\"elementor-widget-wrap elementor-element-populated\">\n\t\t\t\t\t<div class=\"elementor-background-overlay\"><\/div>\n\t\t\t\t\t\t<div class=\"elementor-element elementor-element-b0e668f elementor-widget__width-initial elementor-widget-tablet__width-inherit elementor-widget elementor-widget-heading\" data-id=\"b0e668f\" data-element_type=\"widget\" data-widget_type=\"heading.default\">\n\t\t\t\t<div class=\"elementor-widget-container\">\n\t\t\t<h2 class=\"elementor-heading-title elementor-size-default\">Encontre solu\u00e7\u00f5es\njur\u00eddicas hoje<\/h2>\t\t<\/div>\n\t\t\t\t<\/div>\n\t\t\t\t<div class=\"elementor-element elementor-element-45b69ef6 elementor-widget elementor-widget-heading\" data-id=\"45b69ef6\" data-element_type=\"widget\" data-widget_type=\"heading.default\">\n\t\t\t\t<div class=\"elementor-widget-container\">\n\t\t\t<p class=\"elementor-heading-title elementor-size-default\">Marque a sua consulta para obter orienta\u00e7\u00e3o e apoio especializado.<\/p>\t\t<\/div>\n\t\t\t\t<\/div>\n\t\t\t\t<div class=\"elementor-element elementor-element-6e43567b elementor-align-center elementor-widget elementor-widget-button\" data-id=\"6e43567b\" data-element_type=\"widget\" data-widget_type=\"button.default\">\n\t\t\t\t<div class=\"elementor-widget-container\">\n\t\t\t\t\t<div class=\"elementor-button-wrapper\">\n\t\t\t<a class=\"elementor-button elementor-button-link elementor-size-md elementor-animation-shrink\" href=\"https:\/\/vslawyers.co.uk\/pt\/contact\/\">\n\t\t\t\t\t\t<span class=\"elementor-button-content-wrapper\">\n\t\t\t\t\t\t<span class=\"elementor-button-text\">Contato<\/span>\n\t\t<\/span>\n\t\t\t\t\t<\/a>\n\t\t<\/div>\n\t\t\t\t<\/div>\n\t\t\t\t<\/div>\n\t\t\t\t\t<\/div>\n\t\t<\/div>\n\t\t\t\t\t<\/div>\n\t\t<\/section>\n\t\t\t\t<\/div>","protected":false},"excerpt":{"rendered":"<p>News Unlock legal solutions today Schedule your consultation for expert guidance and support. contact us<\/p>","protected":false},"author":2,"featured_media":0,"parent":0,"menu_order":0,"comment_status":"closed","ping_status":"closed","template":"","meta":{"footnotes":"","_joinchat":[]},"yoast_head":"<!-- This site is optimized with the Yoast SEO plugin v22.2 - https:\/\/yoast.com\/wordpress\/plugins\/seo\/ -->\n<title>News - VS Lawyers<\/title>\n<meta name=\"description\" content=\"News   Unlock legal solutions today   Schedule your consultation for expert guidance and support.       contact us\" \/>\n<meta name=\"robots\" content=\"index, follow, max-snippet:-1, max-image-preview:large, max-video-preview:-1\" \/>\n<link rel=\"canonical\" href=\"https:\/\/vslawyers.co.uk\/pt\/news\/\" \/>\n<meta property=\"og:locale\" content=\"pt_BR\" \/>\n<meta property=\"og:type\" content=\"article\" \/>\n<meta property=\"og:title\" content=\"News - VS Lawyers\" \/>\n<meta property=\"og:description\" content=\"News   Unlock legal solutions today   Schedule your consultation for expert guidance and support.       contact us\" \/>\n<meta property=\"og:url\" content=\"https:\/\/vslawyers.co.uk\/pt\/news\/\" \/>\n<meta property=\"og:site_name\" content=\"VS Lawyers\" \/>\n<meta property=\"article:modified_time\" content=\"2024-03-05T20:57:03+00:00\" \/>\n<meta property=\"og:image\" content=\"https:\/\/vslawyers.co.uk\/wp-content\/uploads\/2024\/03\/Untitled-3-01.png\" \/>\n\t<meta property=\"og:image:width\" content=\"1200\" \/>\n\t<meta property=\"og:image:height\" content=\"630\" \/>\n\t<meta property=\"og:image:type\" content=\"image\/png\" \/>\n<meta name=\"twitter:card\" content=\"summary_large_image\" \/>\n<script type=\"application\/ld+json\" class=\"yoast-schema-graph\">{\"@context\":\"https:\/\/schema.org\",\"@graph\":[{\"@type\":\"WebPage\",\"@id\":\"https:\/\/vslawyers.co.uk\/news\/\",\"url\":\"https:\/\/vslawyers.co.uk\/news\/\",\"name\":\"News - VS Lawyers\",\"isPartOf\":{\"@id\":\"https:\/\/vslawyers.co.uk\/#website\"},\"datePublished\":\"2024-01-02T19:20:37+00:00\",\"dateModified\":\"2024-03-05T20:57:03+00:00\",\"description\":\"News Unlock legal solutions today Schedule your consultation for expert guidance and support. contact us\",\"breadcrumb\":{\"@id\":\"https:\/\/vslawyers.co.uk\/news\/#breadcrumb\"},\"inLanguage\":\"pt-BR\",\"potentialAction\":[{\"@type\":\"ReadAction\",\"target\":[\"https:\/\/vslawyers.co.uk\/news\/\"]}]},{\"@type\":\"BreadcrumbList\",\"@id\":\"https:\/\/vslawyers.co.uk\/news\/#breadcrumb\",\"itemListElement\":[{\"@type\":\"ListItem\",\"position\":1,\"name\":\"In\u00edcio\",\"item\":\"https:\/\/vslawyers.co.uk\/\"},{\"@type\":\"ListItem\",\"position\":2,\"name\":\"News\"}]},{\"@type\":\"WebSite\",\"@id\":\"https:\/\/vslawyers.co.uk\/#website\",\"url\":\"https:\/\/vslawyers.co.uk\/\",\"name\":\"VS Lawyers - UK Immigration Solicitors\",\"description\":\"VS Lawyers is a law firm consisting of solicitors and legal professionals with expertise in UK immigration law and citizenship.\",\"publisher\":{\"@id\":\"https:\/\/vslawyers.co.uk\/#organization\"},\"alternateName\":\"VS Lawyers\",\"potentialAction\":[{\"@type\":\"SearchAction\",\"target\":{\"@type\":\"EntryPoint\",\"urlTemplate\":\"https:\/\/vslawyers.co.uk\/?s={search_term_string}\"},\"query-input\":\"required name=search_term_string\"}],\"inLanguage\":\"pt-BR\"},{\"@type\":\"Organization\",\"@id\":\"https:\/\/vslawyers.co.uk\/#organization\",\"name\":\"VS Lawyers - UK Immigration Solicitors\",\"alternateName\":\"VS Lawyers\",\"url\":\"https:\/\/vslawyers.co.uk\/\",\"logo\":{\"@type\":\"ImageObject\",\"inLanguage\":\"pt-BR\",\"@id\":\"https:\/\/vslawyers.co.uk\/#\/schema\/logo\/image\/\",\"url\":\"http:\/\/vslawyers.co.uk\/wp-content\/uploads\/2024\/02\/logo-1-vs-2048x683-3.jpg\",\"contentUrl\":\"http:\/\/vslawyers.co.uk\/wp-content\/uploads\/2024\/02\/logo-1-vs-2048x683-3.jpg\",\"width\":650,\"height\":649,\"caption\":\"VS Lawyers - UK Immigration Solicitors\"},\"image\":{\"@id\":\"https:\/\/vslawyers.co.uk\/#\/schema\/logo\/image\/\"},\"sameAs\":[\"https:\/\/www.instagram.com\/drvicentedossantos\"]}]}<\/script>\n<!-- \/ Yoast SEO plugin. -->","yoast_head_json":{"title":"News - VS Lawyers","description":"News   Unlock legal solutions today   Schedule your consultation for expert guidance and support.       contact us","robots":{"index":"index","follow":"follow","max-snippet":"max-snippet:-1","max-image-preview":"max-image-preview:large","max-video-preview":"max-video-preview:-1"},"canonical":"https:\/\/vslawyers.co.uk\/pt\/news\/","og_locale":"pt_BR","og_type":"article","og_title":"News - VS Lawyers","og_description":"News   Unlock legal solutions today   Schedule your consultation for expert guidance and support.       contact us","og_url":"https:\/\/vslawyers.co.uk\/pt\/news\/","og_site_name":"VS Lawyers","article_modified_time":"2024-03-05T20:57:03+00:00","og_image":[{"width":1200,"height":630,"url":"https:\/\/vslawyers.co.uk\/wp-content\/uploads\/2024\/03\/Untitled-3-01.png","type":"image\/png"}],"twitter_card":"summary_large_image","schema":{"@context":"https:\/\/schema.org","@graph":[{"@type":"WebPage","@id":"https:\/\/vslawyers.co.uk\/news\/","url":"https:\/\/vslawyers.co.uk\/news\/","name":"News - VS Lawyers","isPartOf":{"@id":"https:\/\/vslawyers.co.uk\/#website"},"datePublished":"2024-01-02T19:20:37+00:00","dateModified":"2024-03-05T20:57:03+00:00","description":"News Unlock legal solutions today Schedule your consultation for expert guidance and support. contact us","breadcrumb":{"@id":"https:\/\/vslawyers.co.uk\/news\/#breadcrumb"},"inLanguage":"pt-BR","potentialAction":[{"@type":"ReadAction","target":["https:\/\/vslawyers.co.uk\/news\/"]}]},{"@type":"BreadcrumbList","@id":"https:\/\/vslawyers.co.uk\/news\/#breadcrumb","itemListElement":[{"@type":"ListItem","position":1,"name":"In\u00edcio","item":"https:\/\/vslawyers.co.uk\/"},{"@type":"ListItem","position":2,"name":"News"}]},{"@type":"WebSite","@id":"https:\/\/vslawyers.co.uk\/#website","url":"https:\/\/vslawyers.co.uk\/","name":"VS Lawyers - UK Immigration Solicitors","description":"VS Lawyers is a law firm consisting of solicitors and legal professionals with expertise in UK immigration law and citizenship.","publisher":{"@id":"https:\/\/vslawyers.co.uk\/#organization"},"alternateName":"VS Lawyers","potentialAction":[{"@type":"SearchAction","target":{"@type":"EntryPoint","urlTemplate":"https:\/\/vslawyers.co.uk\/?s={search_term_string}"},"query-input":"required name=search_term_string"}],"inLanguage":"pt-BR"},{"@type":"Organization","@id":"https:\/\/vslawyers.co.uk\/#organization","name":"VS Lawyers - UK Immigration Solicitors","alternateName":"VS Lawyers","url":"https:\/\/vslawyers.co.uk\/","logo":{"@type":"ImageObject","inLanguage":"pt-BR","@id":"https:\/\/vslawyers.co.uk\/#\/schema\/logo\/image\/","url":"http:\/\/vslawyers.co.uk\/wp-content\/uploads\/2024\/02\/logo-1-vs-2048x683-3.jpg","contentUrl":"http:\/\/vslawyers.co.uk\/wp-content\/uploads\/2024\/02\/logo-1-vs-2048x683-3.jpg","width":650,"height":649,"caption":"VS Lawyers - UK Immigration Solicitors"},"image":{"@id":"https:\/\/vslawyers.co.uk\/#\/schema\/logo\/image\/"},"sameAs":["https:\/\/www.instagram.com\/drvicentedossantos"]}]}},"_links":{"self":[{"href":"https:\/\/vslawyers.co.uk\/pt\/wp-json\/wp\/v2\/pages\/310"}],"collection":[{"href":"https:\/\/vslawyers.co.uk\/pt\/wp-json\/wp\/v2\/pages"}],"about":[{"href":"https:\/\/vslawyers.co.uk\/pt\/wp-json\/wp\/v2\/types\/page"}],"author":[{"embeddable":true,"href":"https:\/\/vslawyers.co.uk\/pt\/wp-json\/wp\/v2\/users\/2"}],"replies":[{"embeddable":true,"href":"https:\/\/vslawyers.co.uk\/pt\/wp-json\/wp\/v2\/comments?post=310"}],"version-history":[{"count":17,"href":"https:\/\/vslawyers.co.uk\/pt\/wp-json\/wp\/v2\/pages\/310\/revisions"}],"predecessor-version":[{"id":927,"href":"https:\/\/vslawyers.co.uk\/pt\/wp-json\/wp\/v2\/pages\/310\/revisions\/927"}],"wp:attachment":[{"href":"https:\/\/vslawyers.co.uk\/pt\/wp-json\/wp\/v2\/media?parent=310"}],"curies":[{"name":"wp","href":"https:\/\/api.w.org\/{rel}","templated":true}]}}