{"id":294,"date":"2024-01-02T16:02:15","date_gmt":"2024-01-02T19:02:15","guid":{"rendered":"https:\/\/vslawyers.co.uk\/?page_id=294"},"modified":"2024-03-05T17:52:55","modified_gmt":"2024-03-05T20:52:55","slug":"personal-immigration","status":"publish","type":"page","link":"https:\/\/vslawyers.co.uk\/pt\/personal-immigration\/","title":{"rendered":"Imigra\u00e7\u00e3o Pessoal"},"content":{"rendered":"<div data-elementor-type=\"wp-page\" data-elementor-id=\"294\" class=\"elementor elementor-294\" data-elementor-post-type=\"page\">\n\t\t\t\t\t\t<section data-particle_enable=\"false\" data-particle-mobile-disabled=\"false\" class=\"elementor-section elementor-top-section elementor-element elementor-element-41351283 elementor-reverse-tablet elementor-reverse-mobile elementor-section-boxed elementor-section-height-default elementor-section-height-default\" data-id=\"41351283\" data-element_type=\"section\" data-settings=\"{&quot;background_background&quot;:&quot;classic&quot;,&quot;jet_parallax_layout_list&quot;:[]}\">\n\t\t\t\t\t\t\t<div class=\"elementor-background-overlay\"><\/div>\n\t\t\t\t\t\t\t<div class=\"elementor-container elementor-column-gap-no\">\n\t\t\t\t\t<div class=\"elementor-column elementor-col-100 elementor-top-column elementor-element elementor-element-1d8e874c\" data-id=\"1d8e874c\" data-element_type=\"column\">\n\t\t\t<div class=\"elementor-widget-wrap elementor-element-populated\">\n\t\t\t\t\t\t<div class=\"elementor-element elementor-element-7d28f9d8 elementor-widget elementor-widget-heading\" data-id=\"7d28f9d8\" data-element_type=\"widget\" data-widget_type=\"heading.default\">\n\t\t\t\t<div class=\"elementor-widget-container\">\n\t\t\t<style>\/*! elementor - v3.19.0 - 28-02-2024 *\/\n.elementor-heading-title{padding:0;margin:0;line-height:1}.elementor-widget-heading .elementor-heading-title[class*=elementor-size-]>a{color:inherit;font-size:inherit;line-height:inherit}.elementor-widget-heading .elementor-heading-title.elementor-size-small{font-size:15px}.elementor-widget-heading .elementor-heading-title.elementor-size-medium{font-size:19px}.elementor-widget-heading .elementor-heading-title.elementor-size-large{font-size:29px}.elementor-widget-heading .elementor-heading-title.elementor-size-xl{font-size:39px}.elementor-widget-heading .elementor-heading-title.elementor-size-xxl{font-size:59px}<\/style><h1 class=\"elementor-heading-title elementor-size-default\">Imigra\u00e7\u00e3o Pessoal<\/h1>\t\t<\/div>\n\t\t\t\t<\/div>\n\t\t\t\t<div class=\"elementor-element elementor-element-3a46d722 elementor-widget elementor-widget-heading\" data-id=\"3a46d722\" data-element_type=\"widget\" data-widget_type=\"heading.default\">\n\t\t\t\t<div class=\"elementor-widget-container\">\n\t\t\t<p class=\"elementor-heading-title elementor-size-default\">A VS Lawyers possui especialistas em imigra\u00e7\u00e3o, atendendo tanto a indiv\u00edduos como a empresas. Os nossos advogados s\u00e3o especializados na lei de imigra\u00e7\u00e3o do Reino Unido, alargando os servi\u00e7os a n\u00edvel global.<\/p>\t\t<\/div>\n\t\t\t\t<\/div>\n\t\t\t\t<div class=\"elementor-element elementor-element-375fcd1f elementor-tablet-align-center elementor-align-center elementor-widget elementor-widget-button\" data-id=\"375fcd1f\" data-element_type=\"widget\" data-widget_type=\"button.default\">\n\t\t\t\t<div class=\"elementor-widget-container\">\n\t\t\t\t\t<div class=\"elementor-button-wrapper\">\n\t\t\t<a class=\"elementor-button elementor-button-link elementor-size-md elementor-animation-shrink\" href=\"https:\/\/vslawyers.co.uk\/pt\">\n\t\t\t\t\t\t<span class=\"elementor-button-content-wrapper\">\n\t\t\t\t\t\t<span class=\"elementor-button-text\">Volte para Home<\/span>\n\t\t<\/span>\n\t\t\t\t\t<\/a>\n\t\t<\/div>\n\t\t\t\t<\/div>\n\t\t\t\t<\/div>\n\t\t\t\t\t<\/div>\n\t\t<\/div>\n\t\t\t\t\t<\/div>\n\t\t<\/section>\n\t\t\t\t<section data-particle_enable=\"false\" data-particle-mobile-disabled=\"false\" class=\"elementor-section elementor-top-section elementor-element elementor-element-3b4271 elementor-section-content-middle elementor-section-boxed elementor-section-height-default elementor-section-height-default\" data-id=\"3b4271\" data-element_type=\"section\" data-settings=\"{&quot;jet_parallax_layout_list&quot;:[],&quot;background_background&quot;:&quot;classic&quot;}\">\n\t\t\t\t\t\t<div class=\"elementor-container elementor-column-gap-no\">\n\t\t\t\t\t<div class=\"elementor-column elementor-col-50 elementor-top-column elementor-element elementor-element-749f5151\" data-id=\"749f5151\" data-element_type=\"column\">\n\t\t\t<div class=\"elementor-widget-wrap elementor-element-populated\">\n\t\t\t\t\t\t<div class=\"elementor-element elementor-element-e2d05d2 animated-slow elementor-invisible elementor-widget elementor-widget-image\" data-id=\"e2d05d2\" data-element_type=\"widget\" data-settings=\"{&quot;_animation&quot;:&quot;fadeInUp&quot;}\" data-widget_type=\"image.default\">\n\t\t\t\t<div class=\"elementor-widget-container\">\n\t\t\t<style>\/*! elementor - v3.19.0 - 28-02-2024 *\/\n.elementor-widget-image{text-align:center}.elementor-widget-image a{display:inline-block}.elementor-widget-image a img[src$=\".svg\"]{width:48px}.elementor-widget-image img{vertical-align:middle;display:inline-block}<\/style>\t\t\t\t\t\t\t\t\t\t<img fetchpriority=\"high\" decoding=\"async\" width=\"4000\" height=\"2250\" src=\"https:\/\/vslawyers.co.uk\/wp-content\/uploads\/2024\/01\/Personal.png\" class=\"attachment-full size-full wp-image-818\" alt=\"\" srcset=\"https:\/\/vslawyers.co.uk\/wp-content\/uploads\/2024\/01\/Personal.png 4000w, https:\/\/vslawyers.co.uk\/wp-content\/uploads\/2024\/01\/Personal-300x169.png 300w, https:\/\/vslawyers.co.uk\/wp-content\/uploads\/2024\/01\/Personal-1024x576.png 1024w, https:\/\/vslawyers.co.uk\/wp-content\/uploads\/2024\/01\/Personal-768x432.png 768w, https:\/\/vslawyers.co.uk\/wp-content\/uploads\/2024\/01\/Personal-1536x864.png 1536w, https:\/\/vslawyers.co.uk\/wp-content\/uploads\/2024\/01\/Personal-2048x1152.png 2048w\" sizes=\"(max-width: 4000px) 100vw, 4000px\" \/>\t\t\t\t\t\t\t\t\t\t\t\t\t<\/div>\n\t\t\t\t<\/div>\n\t\t\t\t\t<\/div>\n\t\t<\/div>\n\t\t\t\t<div class=\"elementor-column elementor-col-50 elementor-top-column elementor-element elementor-element-4bfa612f\" data-id=\"4bfa612f\" data-element_type=\"column\">\n\t\t\t<div class=\"elementor-widget-wrap elementor-element-populated\">\n\t\t\t\t\t\t<div class=\"elementor-element elementor-element-7c966743 eael-divider-center elementor-widget elementor-widget-eael-divider\" data-id=\"7c966743\" data-element_type=\"widget\" data-widget_type=\"eael-divider.default\">\n\t\t\t\t<div class=\"elementor-widget-container\">\n\t\t\t\t\t<div class=\"eael-divider-wrap divider-direction-horizontal\">\n\t\t\t\t\t\t\t<div class=\"divider-text-container\">\n\t\t\t\t\t<div class=\"divider-text-wrap\">\n\t\t\t\t\t\t\t\t\t\t\t\t<span class=\"eael-divider-content\">\n\t\t\t\t\t\t\t\t\t\t\t\t\t\t\t<span class=\"eael-divider-text\">Para voc\u00ea<\/span>\t\t\t\t\t\t\t\t\t\t\t\t\t<\/span>\n\t\t\t\t\t\t\t\t\t\t\t\t\t<span class=\"divider-border-wrap divider-border-right\">\n\t\t\t\t\t\t\t\t<span class=\"divider-border\"><\/span>\n\t\t\t\t\t\t\t<\/span>\n\t\t\t\t\t\t\t\t\t\t\t<\/div>\n\t\t\t\t<\/div>\n\t\t\t\t\t<\/div>\n\t\t<\/div>\n\t\t\t\t<\/div>\n\t\t\t\t<div class=\"elementor-element elementor-element-1f51773c elementor-widget elementor-widget-heading\" data-id=\"1f51773c\" data-element_type=\"widget\" data-widget_type=\"heading.default\">\n\t\t\t\t<div class=\"elementor-widget-container\">\n\t\t\t<h2 class=\"elementor-heading-title elementor-size-default\">Imigra\u00e7\u00e3o Pessoal<\/h2>\t\t<\/div>\n\t\t\t\t<\/div>\n\t\t\t\t<div class=\"elementor-element elementor-element-3d842083 elementor-widget elementor-widget-heading\" data-id=\"3d842083\" data-element_type=\"widget\" data-widget_type=\"heading.default\">\n\t\t\t\t<div class=\"elementor-widget-container\">\n\t\t\t<p class=\"elementor-heading-title elementor-size-default\"> Orgulhamo-nos de fazer parte do percurso das pessoas no Reino Unido, quer se trate da sua entrada inicial no pa\u00eds, do reencontro com familiares ou se tornarem cidad\u00e3os brit\u00e2nicos.\nEstamos aqui para o guiar em cada passo do processo. Explore os v\u00e1rios tipos de pedidos onde os nossos advogados o podem ajudar.<\/p>\t\t<\/div>\n\t\t\t\t<\/div>\n\t\t\t\t<div class=\"elementor-element elementor-element-f9fbe14 elementor-widget elementor-widget-button\" data-id=\"f9fbe14\" data-element_type=\"widget\" data-widget_type=\"button.default\">\n\t\t\t\t<div class=\"elementor-widget-container\">\n\t\t\t\t\t<div class=\"elementor-button-wrapper\">\n\t\t\t<a class=\"elementor-button elementor-button-link elementor-size-md elementor-animation-shrink\" href=\"https:\/\/vslawyers.co.uk\/pt\/contact\/\">\n\t\t\t\t\t\t<span class=\"elementor-button-content-wrapper\">\n\t\t\t\t\t\t<span class=\"elementor-button-text\">CONTATO<\/span>\n\t\t<\/span>\n\t\t\t\t\t<\/a>\n\t\t<\/div>\n\t\t\t\t<\/div>\n\t\t\t\t<\/div>\n\t\t\t\t\t<\/div>\n\t\t<\/div>\n\t\t\t\t\t<\/div>\n\t\t<\/section>\n\t\t\t\t<section data-particle_enable=\"false\" data-particle-mobile-disabled=\"false\" class=\"elementor-section elementor-top-section elementor-element elementor-element-8c3baef elementor-section-content-middle elementor-section-boxed elementor-section-height-default elementor-section-height-default\" data-id=\"8c3baef\" data-element_type=\"section\" data-settings=\"{&quot;jet_parallax_layout_list&quot;:[],&quot;background_background&quot;:&quot;classic&quot;}\">\n\t\t\t\t\t\t<div class=\"elementor-container elementor-column-gap-no\">\n\t\t\t\t\t<div class=\"elementor-column elementor-col-100 elementor-top-column elementor-element elementor-element-c0448d0\" data-id=\"c0448d0\" data-element_type=\"column\">\n\t\t\t<div class=\"elementor-widget-wrap elementor-element-populated\">\n\t\t\t\t\t\t<div class=\"elementor-element elementor-element-64e26d2 elementor-widget elementor-widget-heading\" data-id=\"64e26d2\" data-element_type=\"widget\" data-widget_type=\"heading.default\">\n\t\t\t\t<div class=\"elementor-widget-container\">\n\t\t\t<h2 class=\"elementor-heading-title elementor-size-default\">Servi\u00e7os pessoais de imigra\u00e7\u00e3o:<\/h2>\t\t<\/div>\n\t\t\t\t<\/div>\n\t\t\t\t<div class=\"elementor-element elementor-element-da2aacb elementor-icon-list--layout-traditional elementor-list-item-link-full_width elementor-widget elementor-widget-icon-list\" data-id=\"da2aacb\" data-element_type=\"widget\" data-widget_type=\"icon-list.default\">\n\t\t\t\t<div class=\"elementor-widget-container\">\n\t\t\t<link rel=\"stylesheet\" href=\"https:\/\/vslawyers.co.uk\/wp-content\/plugins\/elementor\/assets\/css\/widget-icon-list.min.css\">\t\t<ul class=\"elementor-icon-list-items\">\n\t\t\t\t\t\t\t<li class=\"elementor-icon-list-item\">\n\t\t\t\t\t\t\t\t\t\t<span class=\"elementor-icon-list-text\">\u2022 Revis\u00f5es administrativas, recursos e revis\u00f5es judiciais<\/span>\n\t\t\t\t\t\t\t\t\t<\/li>\n\t\t\t\t\t\t\t\t<li class=\"elementor-icon-list-item\">\n\t\t\t\t\t\t\t\t\t\t<span class=\"elementor-icon-list-text\">\u2022  Vistos de c\u00f4njuge e fam\u00edlia (dentro e fora do pa\u00eds)<\/span>\n\t\t\t\t\t\t\t\t\t<\/li>\n\t\t\t\t\t\t\t\t<li class=\"elementor-icon-list-item\">\n\t\t\t\t\t\t\t\t\t\t<span class=\"elementor-icon-list-text\">\u2022 Licen\u00e7a para permanecer no pa\u00eds<\/span>\n\t\t\t\t\t\t\t\t\t<\/li>\n\t\t\t\t\t\t\t\t<li class=\"elementor-icon-list-item\">\n\t\t\t\t\t\t\t\t\t\t<span class=\"elementor-icon-list-text\">\u2022 EU Settlement\/Indefinite Leave to Remain<\/span>\n\t\t\t\t\t\t\t\t\t<\/li>\n\t\t\t\t\t\t\t\t<li class=\"elementor-icon-list-item\">\n\t\t\t\t\t\t\t\t\t\t<span class=\"elementor-icon-list-text\">\u2022 Visto de estudante<\/span>\n\t\t\t\t\t\t\t\t\t<\/li>\n\t\t\t\t\t\t\t\t<li class=\"elementor-icon-list-item\">\n\t\t\t\t\t\t\t\t\t\t<span class=\"elementor-icon-list-text\">\u2022 Graduate visa<\/span>\n\t\t\t\t\t\t\t\t\t<\/li>\n\t\t\t\t\t\t\t\t<li class=\"elementor-icon-list-item\">\n\t\t\t\t\t\t\t\t\t\t<span class=\"elementor-icon-list-text\">\u2022  Vistos de antepassados<\/span>\n\t\t\t\t\t\t\t\t\t<\/li>\n\t\t\t\t\t\t\t\t<li class=\"elementor-icon-list-item\">\n\t\t\t\t\t\t\t\t\t\t<span class=\"elementor-icon-list-text\">\u2022 Pedidos de cidadania brit\u00e2nica<\/span>\n\t\t\t\t\t\t\t\t\t<\/li>\n\t\t\t\t\t\t\t\t<li class=\"elementor-icon-list-item\">\n\t\t\t\t\t\t\t\t\t\t<span class=\"elementor-icon-list-text\">\u2022  Aplica\u00e7\u00f5es de direitos humanos<\/span>\n\t\t\t\t\t\t\t\t\t<\/li>\n\t\t\t\t\t\t\t\t<li class=\"elementor-icon-list-item\">\n\t\t\t\t\t\t\t\t\t\t<span class=\"elementor-icon-list-text\">\u2022 Visto de visitante padr\u00e3o<\/span>\n\t\t\t\t\t\t\t\t\t<\/li>\n\t\t\t\t\t\t<\/ul>\n\t\t\t\t<\/div>\n\t\t\t\t<\/div>\n\t\t\t\t<div class=\"elementor-element elementor-element-d84d95d elementor-widget elementor-widget-heading\" data-id=\"d84d95d\" data-element_type=\"widget\" data-widget_type=\"heading.default\">\n\t\t\t\t<div class=\"elementor-widget-container\">\n\t\t\t<p class=\"elementor-heading-title elementor-size-default\">Quer se trate de um indiv\u00edduo a navegar nos pedidos do Home Office ou a recorrer ao Tribunal de Imigra\u00e7\u00e3o, ou de uma empresa que procura aconselhamento especializado sobre imigra\u00e7\u00e3o comercial, a VS Lawyers oferece uma vasta experi\u00eancia em todos os aspectos da Imigra\u00e7\u00e3o do Reino Unido.<\/p>\t\t<\/div>\n\t\t\t\t<\/div>\n\t\t\t\t\t<\/div>\n\t\t<\/div>\n\t\t\t\t\t<\/div>\n\t\t<\/section>\n\t\t\t\t<section data-particle_enable=\"false\" data-particle-mobile-disabled=\"false\" class=\"elementor-section elementor-top-section elementor-element elementor-element-7c75d3c elementor-section-boxed elementor-section-height-default elementor-section-height-default\" data-id=\"7c75d3c\" data-element_type=\"section\" data-settings=\"{&quot;background_background&quot;:&quot;classic&quot;,&quot;jet_parallax_layout_list&quot;:[]}\">\n\t\t\t\t\t\t\t<div class=\"elementor-background-overlay\"><\/div>\n\t\t\t\t\t\t\t<div class=\"elementor-container elementor-column-gap-no\">\n\t\t\t\t\t<div class=\"elementor-column elementor-col-100 elementor-top-column elementor-element elementor-element-6333db7a\" data-id=\"6333db7a\" data-element_type=\"column\" data-settings=\"{&quot;background_background&quot;:&quot;classic&quot;}\">\n\t\t\t<div class=\"elementor-widget-wrap elementor-element-populated\">\n\t\t\t\t\t<div class=\"elementor-background-overlay\"><\/div>\n\t\t\t\t\t\t<div class=\"elementor-element elementor-element-63bf5e0 elementor-widget__width-initial elementor-widget-tablet__width-inherit elementor-widget elementor-widget-heading\" data-id=\"63bf5e0\" data-element_type=\"widget\" data-widget_type=\"heading.default\">\n\t\t\t\t<div class=\"elementor-widget-container\">\n\t\t\t<h2 class=\"elementor-heading-title elementor-size-default\">Encontre solu\u00e7\u00f5es\njur\u00eddicas hoje<\/h2>\t\t<\/div>\n\t\t\t\t<\/div>\n\t\t\t\t<div class=\"elementor-element elementor-element-430f609b elementor-widget elementor-widget-heading\" data-id=\"430f609b\" data-element_type=\"widget\" data-widget_type=\"heading.default\">\n\t\t\t\t<div class=\"elementor-widget-container\">\n\t\t\t<p class=\"elementor-heading-title elementor-size-default\">Marque a sua consulta para obter orienta\u00e7\u00e3o e apoio especializado.<\/p>\t\t<\/div>\n\t\t\t\t<\/div>\n\t\t\t\t<div class=\"elementor-element elementor-element-1fe9a9f6 elementor-align-center elementor-widget elementor-widget-button\" data-id=\"1fe9a9f6\" data-element_type=\"widget\" data-widget_type=\"button.default\">\n\t\t\t\t<div class=\"elementor-widget-container\">\n\t\t\t\t\t<div class=\"elementor-button-wrapper\">\n\t\t\t<a class=\"elementor-button elementor-button-link elementor-size-md elementor-animation-shrink\" href=\"https:\/\/vslawyers.co.uk\/pt\/contact\/\">\n\t\t\t\t\t\t<span class=\"elementor-button-content-wrapper\">\n\t\t\t\t\t\t<span class=\"elementor-button-text\">Contato<\/span>\n\t\t<\/span>\n\t\t\t\t\t<\/a>\n\t\t<\/div>\n\t\t\t\t<\/div>\n\t\t\t\t<\/div>\n\t\t\t\t\t<\/div>\n\t\t<\/div>\n\t\t\t\t\t<\/div>\n\t\t<\/section>\n\t\t\t\t<\/div>","protected":false},"excerpt":{"rendered":"<p>Personal Immigration VS Lawyers boasts immigration specialists, catering to both individuals and businesses. Our lawyers specialise in UK Immigration law, extending services globally. back to home for you Personal Immigration We take pride in being a part of individuals&#8217; journeys in the UK, whether it involves their initial entry into the country, reuniting with family [&hellip;]<\/p>","protected":false},"author":2,"featured_media":0,"parent":0,"menu_order":0,"comment_status":"closed","ping_status":"closed","template":"","meta":{"footnotes":"","_joinchat":[]},"yoast_head":"<!-- This site is optimized with the Yoast SEO plugin v22.2 - https:\/\/yoast.com\/wordpress\/plugins\/seo\/ -->\n<title>Personal Immigration - VS Lawyers<\/title>\n<meta name=\"description\" content=\"Personal Immigration VS Lawyers boasts immigration specialists, catering to both individuals and businesses. Our lawyers specialise in UK Immigration law,\" \/>\n<meta name=\"robots\" content=\"index, follow, max-snippet:-1, max-image-preview:large, max-video-preview:-1\" \/>\n<link rel=\"canonical\" href=\"https:\/\/vslawyers.co.uk\/pt\/personal-immigration\/\" \/>\n<meta property=\"og:locale\" content=\"pt_BR\" \/>\n<meta property=\"og:type\" content=\"article\" \/>\n<meta property=\"og:title\" content=\"Personal Immigration - VS Lawyers\" \/>\n<meta property=\"og:description\" content=\"Personal Immigration VS Lawyers boasts immigration specialists, catering to both individuals and businesses. Our lawyers specialise in UK Immigration law,\" \/>\n<meta property=\"og:url\" content=\"https:\/\/vslawyers.co.uk\/pt\/personal-immigration\/\" \/>\n<meta property=\"og:site_name\" content=\"VS Lawyers\" \/>\n<meta property=\"article:modified_time\" content=\"2024-03-05T20:52:55+00:00\" \/>\n<meta property=\"og:image\" content=\"http:\/\/vslawyers.co.uk\/wp-content\/uploads\/2024\/01\/Personal.png\" \/>\n<meta name=\"twitter:card\" content=\"summary_large_image\" \/>\n<meta name=\"twitter:label1\" content=\"Est. tempo de leitura\" \/>\n\t<meta name=\"twitter:data1\" content=\"1 minuto\" \/>\n<script type=\"application\/ld+json\" class=\"yoast-schema-graph\">{\"@context\":\"https:\/\/schema.org\",\"@graph\":[{\"@type\":\"WebPage\",\"@id\":\"https:\/\/vslawyers.co.uk\/personal-immigration\/\",\"url\":\"https:\/\/vslawyers.co.uk\/personal-immigration\/\",\"name\":\"Personal Immigration - VS Lawyers\",\"isPartOf\":{\"@id\":\"https:\/\/vslawyers.co.uk\/#website\"},\"primaryImageOfPage\":{\"@id\":\"https:\/\/vslawyers.co.uk\/personal-immigration\/#primaryimage\"},\"image\":{\"@id\":\"https:\/\/vslawyers.co.uk\/personal-immigration\/#primaryimage\"},\"thumbnailUrl\":\"http:\/\/vslawyers.co.uk\/wp-content\/uploads\/2024\/01\/Personal.png\",\"datePublished\":\"2024-01-02T19:02:15+00:00\",\"dateModified\":\"2024-03-05T20:52:55+00:00\",\"description\":\"Personal Immigration VS Lawyers boasts immigration specialists, catering to both individuals and businesses. Our lawyers specialise in UK Immigration law,\",\"breadcrumb\":{\"@id\":\"https:\/\/vslawyers.co.uk\/personal-immigration\/#breadcrumb\"},\"inLanguage\":\"pt-BR\",\"potentialAction\":[{\"@type\":\"ReadAction\",\"target\":[\"https:\/\/vslawyers.co.uk\/personal-immigration\/\"]}]},{\"@type\":\"ImageObject\",\"inLanguage\":\"pt-BR\",\"@id\":\"https:\/\/vslawyers.co.uk\/personal-immigration\/#primaryimage\",\"url\":\"https:\/\/vslawyers.co.uk\/wp-content\/uploads\/2024\/01\/Personal.png\",\"contentUrl\":\"https:\/\/vslawyers.co.uk\/wp-content\/uploads\/2024\/01\/Personal.png\",\"width\":4000,\"height\":2250},{\"@type\":\"BreadcrumbList\",\"@id\":\"https:\/\/vslawyers.co.uk\/personal-immigration\/#breadcrumb\",\"itemListElement\":[{\"@type\":\"ListItem\",\"position\":1,\"name\":\"In\u00edcio\",\"item\":\"https:\/\/vslawyers.co.uk\/\"},{\"@type\":\"ListItem\",\"position\":2,\"name\":\"Personal Immigration\"}]},{\"@type\":\"WebSite\",\"@id\":\"https:\/\/vslawyers.co.uk\/#website\",\"url\":\"https:\/\/vslawyers.co.uk\/\",\"name\":\"VS Lawyers - UK Immigration Solicitors\",\"description\":\"VS Lawyers is a law firm consisting of solicitors and legal professionals with expertise in UK immigration law and citizenship.\",\"publisher\":{\"@id\":\"https:\/\/vslawyers.co.uk\/#organization\"},\"alternateName\":\"VS Lawyers\",\"potentialAction\":[{\"@type\":\"SearchAction\",\"target\":{\"@type\":\"EntryPoint\",\"urlTemplate\":\"https:\/\/vslawyers.co.uk\/?s={search_term_string}\"},\"query-input\":\"required name=search_term_string\"}],\"inLanguage\":\"pt-BR\"},{\"@type\":\"Organization\",\"@id\":\"https:\/\/vslawyers.co.uk\/#organization\",\"name\":\"VS Lawyers - UK Immigration Solicitors\",\"alternateName\":\"VS Lawyers\",\"url\":\"https:\/\/vslawyers.co.uk\/\",\"logo\":{\"@type\":\"ImageObject\",\"inLanguage\":\"pt-BR\",\"@id\":\"https:\/\/vslawyers.co.uk\/#\/schema\/logo\/image\/\",\"url\":\"http:\/\/vslawyers.co.uk\/wp-content\/uploads\/2024\/02\/logo-1-vs-2048x683-3.jpg\",\"contentUrl\":\"http:\/\/vslawyers.co.uk\/wp-content\/uploads\/2024\/02\/logo-1-vs-2048x683-3.jpg\",\"width\":650,\"height\":649,\"caption\":\"VS Lawyers - UK Immigration Solicitors\"},\"image\":{\"@id\":\"https:\/\/vslawyers.co.uk\/#\/schema\/logo\/image\/\"},\"sameAs\":[\"https:\/\/www.instagram.com\/drvicentedossantos\"]}]}<\/script>\n<!-- \/ Yoast SEO plugin. -->","yoast_head_json":{"title":"Personal Immigration - VS Lawyers","description":"Personal Immigration VS Lawyers boasts immigration specialists, catering to both individuals and businesses. Our lawyers specialise in UK Immigration law,","robots":{"index":"index","follow":"follow","max-snippet":"max-snippet:-1","max-image-preview":"max-image-preview:large","max-video-preview":"max-video-preview:-1"},"canonical":"https:\/\/vslawyers.co.uk\/pt\/personal-immigration\/","og_locale":"pt_BR","og_type":"article","og_title":"Personal Immigration - VS Lawyers","og_description":"Personal Immigration VS Lawyers boasts immigration specialists, catering to both individuals and businesses. Our lawyers specialise in UK Immigration law,","og_url":"https:\/\/vslawyers.co.uk\/pt\/personal-immigration\/","og_site_name":"VS Lawyers","article_modified_time":"2024-03-05T20:52:55+00:00","og_image":[{"url":"http:\/\/vslawyers.co.uk\/wp-content\/uploads\/2024\/01\/Personal.png"}],"twitter_card":"summary_large_image","twitter_misc":{"Est. tempo de leitura":"1 minuto"},"schema":{"@context":"https:\/\/schema.org","@graph":[{"@type":"WebPage","@id":"https:\/\/vslawyers.co.uk\/personal-immigration\/","url":"https:\/\/vslawyers.co.uk\/personal-immigration\/","name":"Personal Immigration - VS Lawyers","isPartOf":{"@id":"https:\/\/vslawyers.co.uk\/#website"},"primaryImageOfPage":{"@id":"https:\/\/vslawyers.co.uk\/personal-immigration\/#primaryimage"},"image":{"@id":"https:\/\/vslawyers.co.uk\/personal-immigration\/#primaryimage"},"thumbnailUrl":"http:\/\/vslawyers.co.uk\/wp-content\/uploads\/2024\/01\/Personal.png","datePublished":"2024-01-02T19:02:15+00:00","dateModified":"2024-03-05T20:52:55+00:00","description":"Personal Immigration VS Lawyers boasts immigration specialists, catering to both individuals and businesses. Our lawyers specialise in UK Immigration law,","breadcrumb":{"@id":"https:\/\/vslawyers.co.uk\/personal-immigration\/#breadcrumb"},"inLanguage":"pt-BR","potentialAction":[{"@type":"ReadAction","target":["https:\/\/vslawyers.co.uk\/personal-immigration\/"]}]},{"@type":"ImageObject","inLanguage":"pt-BR","@id":"https:\/\/vslawyers.co.uk\/personal-immigration\/#primaryimage","url":"https:\/\/vslawyers.co.uk\/wp-content\/uploads\/2024\/01\/Personal.png","contentUrl":"https:\/\/vslawyers.co.uk\/wp-content\/uploads\/2024\/01\/Personal.png","width":4000,"height":2250},{"@type":"BreadcrumbList","@id":"https:\/\/vslawyers.co.uk\/personal-immigration\/#breadcrumb","itemListElement":[{"@type":"ListItem","position":1,"name":"In\u00edcio","item":"https:\/\/vslawyers.co.uk\/"},{"@type":"ListItem","position":2,"name":"Personal Immigration"}]},{"@type":"WebSite","@id":"https:\/\/vslawyers.co.uk\/#website","url":"https:\/\/vslawyers.co.uk\/","name":"VS Lawyers - UK Immigration Solicitors","description":"VS Lawyers is a law firm consisting of solicitors and legal professionals with expertise in UK immigration law and citizenship.","publisher":{"@id":"https:\/\/vslawyers.co.uk\/#organization"},"alternateName":"VS Lawyers","potentialAction":[{"@type":"SearchAction","target":{"@type":"EntryPoint","urlTemplate":"https:\/\/vslawyers.co.uk\/?s={search_term_string}"},"query-input":"required name=search_term_string"}],"inLanguage":"pt-BR"},{"@type":"Organization","@id":"https:\/\/vslawyers.co.uk\/#organization","name":"VS Lawyers - UK Immigration Solicitors","alternateName":"VS Lawyers","url":"https:\/\/vslawyers.co.uk\/","logo":{"@type":"ImageObject","inLanguage":"pt-BR","@id":"https:\/\/vslawyers.co.uk\/#\/schema\/logo\/image\/","url":"http:\/\/vslawyers.co.uk\/wp-content\/uploads\/2024\/02\/logo-1-vs-2048x683-3.jpg","contentUrl":"http:\/\/vslawyers.co.uk\/wp-content\/uploads\/2024\/02\/logo-1-vs-2048x683-3.jpg","width":650,"height":649,"caption":"VS Lawyers - UK Immigration Solicitors"},"image":{"@id":"https:\/\/vslawyers.co.uk\/#\/schema\/logo\/image\/"},"sameAs":["https:\/\/www.instagram.com\/drvicentedossantos"]}]}},"_links":{"self":[{"href":"https:\/\/vslawyers.co.uk\/pt\/wp-json\/wp\/v2\/pages\/294"}],"collection":[{"href":"https:\/\/vslawyers.co.uk\/pt\/wp-json\/wp\/v2\/pages"}],"about":[{"href":"https:\/\/vslawyers.co.uk\/pt\/wp-json\/wp\/v2\/types\/page"}],"author":[{"embeddable":true,"href":"https:\/\/vslawyers.co.uk\/pt\/wp-json\/wp\/v2\/users\/2"}],"replies":[{"embeddable":true,"href":"https:\/\/vslawyers.co.uk\/pt\/wp-json\/wp\/v2\/comments?post=294"}],"version-history":[{"count":68,"href":"https:\/\/vslawyers.co.uk\/pt\/wp-json\/wp\/v2\/pages\/294\/revisions"}],"predecessor-version":[{"id":915,"href":"https:\/\/vslawyers.co.uk\/pt\/wp-json\/wp\/v2\/pages\/294\/revisions\/915"}],"wp:attachment":[{"href":"https:\/\/vslawyers.co.uk\/pt\/wp-json\/wp\/v2\/media?parent=294"}],"curies":[{"name":"wp","href":"https:\/\/api.w.org\/{rel}","templated":true}]}}