{"id":243,"date":"2024-01-02T14:49:47","date_gmt":"2024-01-02T17:49:47","guid":{"rendered":"https:\/\/vslawyers.co.uk\/?page_id=243"},"modified":"2024-03-06T19:35:48","modified_gmt":"2024-03-06T22:35:48","slug":"complaints","status":"publish","type":"page","link":"https:\/\/vslawyers.co.uk\/pt\/complaints\/","title":{"rendered":"Complaints"},"content":{"rendered":"<div data-elementor-type=\"wp-page\" data-elementor-id=\"243\" class=\"elementor elementor-243\" data-elementor-post-type=\"page\">\n\t\t\t\t\t\t<section data-particle_enable=\"false\" data-particle-mobile-disabled=\"false\" class=\"elementor-section elementor-top-section elementor-element elementor-element-223c5fec elementor-reverse-tablet elementor-reverse-mobile elementor-section-boxed elementor-section-height-default elementor-section-height-default\" data-id=\"223c5fec\" data-element_type=\"section\" data-settings=\"{&quot;background_background&quot;:&quot;classic&quot;,&quot;jet_parallax_layout_list&quot;:[]}\">\n\t\t\t\t\t\t\t<div class=\"elementor-background-overlay\"><\/div>\n\t\t\t\t\t\t\t<div class=\"elementor-container elementor-column-gap-no\">\n\t\t\t\t\t<div class=\"elementor-column elementor-col-100 elementor-top-column elementor-element elementor-element-4e1a0f4f\" data-id=\"4e1a0f4f\" data-element_type=\"column\">\n\t\t\t<div class=\"elementor-widget-wrap elementor-element-populated\">\n\t\t\t\t\t\t<div class=\"elementor-element elementor-element-4b285597 elementor-widget elementor-widget-heading\" data-id=\"4b285597\" data-element_type=\"widget\" data-widget_type=\"heading.default\">\n\t\t\t\t<div class=\"elementor-widget-container\">\n\t\t\t<style>\/*! elementor - v3.19.0 - 28-02-2024 *\/\n.elementor-heading-title{padding:0;margin:0;line-height:1}.elementor-widget-heading .elementor-heading-title[class*=elementor-size-]>a{color:inherit;font-size:inherit;line-height:inherit}.elementor-widget-heading .elementor-heading-title.elementor-size-small{font-size:15px}.elementor-widget-heading .elementor-heading-title.elementor-size-medium{font-size:19px}.elementor-widget-heading .elementor-heading-title.elementor-size-large{font-size:29px}.elementor-widget-heading .elementor-heading-title.elementor-size-xl{font-size:39px}.elementor-widget-heading .elementor-heading-title.elementor-size-xxl{font-size:59px}<\/style><h1 class=\"elementor-heading-title elementor-size-default\">complaints<\/h1>\t\t<\/div>\n\t\t\t\t<\/div>\n\t\t\t\t\t<\/div>\n\t\t<\/div>\n\t\t\t\t\t<\/div>\n\t\t<\/section>\n\t\t\t\t<section data-particle_enable=\"false\" data-particle-mobile-disabled=\"false\" class=\"elementor-section elementor-top-section elementor-element elementor-element-7773b7ef elementor-section-content-middle elementor-section-boxed elementor-section-height-default elementor-section-height-default\" data-id=\"7773b7ef\" data-element_type=\"section\" data-settings=\"{&quot;background_background&quot;:&quot;gradient&quot;,&quot;jet_parallax_layout_list&quot;:[]}\">\n\t\t\t\t\t\t<div class=\"elementor-container elementor-column-gap-no\">\n\t\t\t\t\t<div class=\"elementor-column elementor-col-100 elementor-top-column elementor-element elementor-element-24075966\" data-id=\"24075966\" data-element_type=\"column\">\n\t\t\t<div class=\"elementor-widget-wrap elementor-element-populated\">\n\t\t\t\t\t\t<div class=\"elementor-element elementor-element-6d0d3865 eael-divider-center elementor-widget elementor-widget-eael-divider\" data-id=\"6d0d3865\" data-element_type=\"widget\" data-widget_type=\"eael-divider.default\">\n\t\t\t\t<div class=\"elementor-widget-container\">\n\t\t\t\t\t<div class=\"eael-divider-wrap divider-direction-horizontal\">\n\t\t\t\t\t\t\t<div class=\"divider-text-container\">\n\t\t\t\t\t<div class=\"divider-text-wrap\">\n\t\t\t\t\t\t\t\t\t\t\t\t<span class=\"eael-divider-content\">\n\t\t\t\t\t\t\t\t\t\t\t\t\t\t\t<span class=\"eael-divider-text\">feedback<\/span>\t\t\t\t\t\t\t\t\t\t\t\t\t<\/span>\n\t\t\t\t\t\t\t\t\t\t\t\t\t<span class=\"divider-border-wrap divider-border-right\">\n\t\t\t\t\t\t\t\t<span class=\"divider-border\"><\/span>\n\t\t\t\t\t\t\t<\/span>\n\t\t\t\t\t\t\t\t\t\t\t<\/div>\n\t\t\t\t<\/div>\n\t\t\t\t\t<\/div>\n\t\t<\/div>\n\t\t\t\t<\/div>\n\t\t\t\t<div class=\"elementor-element elementor-element-622167be elementor-widget elementor-widget-heading\" data-id=\"622167be\" data-element_type=\"widget\" data-widget_type=\"heading.default\">\n\t\t\t\t<div class=\"elementor-widget-container\">\n\t\t\t<h2 class=\"elementor-heading-title elementor-size-default\">Pol\u00edtica de feedback e reclama\u00e7\u00f5es dos clientes<\/h2>\t\t<\/div>\n\t\t\t\t<\/div>\n\t\t\t\t<div class=\"elementor-element elementor-element-3fbefde elementor-widget elementor-widget-text-editor\" data-id=\"3fbefde\" data-element_type=\"widget\" data-widget_type=\"text-editor.default\">\n\t\t\t\t<div class=\"elementor-widget-container\">\n\t\t\t<style>\/*! elementor - v3.19.0 - 28-02-2024 *\/\n.elementor-widget-text-editor.elementor-drop-cap-view-stacked .elementor-drop-cap{background-color:#69727d;color:#fff}.elementor-widget-text-editor.elementor-drop-cap-view-framed .elementor-drop-cap{color:#69727d;border:3px solid;background-color:transparent}.elementor-widget-text-editor:not(.elementor-drop-cap-view-default) .elementor-drop-cap{margin-top:8px}.elementor-widget-text-editor:not(.elementor-drop-cap-view-default) .elementor-drop-cap-letter{width:1em;height:1em}.elementor-widget-text-editor .elementor-drop-cap{float:left;text-align:center;line-height:1;font-size:50px}.elementor-widget-text-editor .elementor-drop-cap-letter{display:inline-block}<\/style>\t\t\t\t<p>Temos o compromisso de oferecer um servi\u00e7o de qualidade aos nossos clientes. Valorizamos muito o feedback dos clientes, pois ele nos ajuda a melhorar continuamente nosso servi\u00e7o. Se achar que n\u00e3o est\u00e1 recebendo um excelente atendimento ao cliente ou que algo pode ser melhorado, informe-nos sobre isso. Se estivermos aqu\u00e9m dos altos padr\u00f5es que estabelecemos para n\u00f3s mesmos, gostar\u00edamos de ter a oportunidade de corrigir o problema.<\/p>\n<p><b>O que devo fazer se tiver um feedback ou uma reclama\u00e7\u00e3o?<\/b> <\/p>\n<p>Inicialmente, seria \u00fatil se voc\u00ea pudesse discutir qualquer feedback ou preocupa\u00e7\u00e3o que tenha sobre nosso servi\u00e7o ou sobre como ele pode ser melhorado com o advogado que est\u00e1 cuidando do seu caso. Se o advogado respons\u00e1vel n\u00e3o puder resolver sua preocupa\u00e7\u00e3o informalmente, ou se a quest\u00e3o for de natureza t\u00e3o s\u00e9ria que voc\u00ea n\u00e3o se sinta \u00e0 vontade para discuti-la com seu advogado, voc\u00ea poder\u00e1 discutir o assunto com nosso parceiro de reclama\u00e7\u00f5es como uma reclama\u00e7\u00e3o nos termos desta pol\u00edtica. <\/p>\n<p><b>Como fa\u00e7o para apresentar uma reclama\u00e7\u00e3o de acordo com esta pol\u00edtica?<\/b> <\/p>\n<p>Seria \u00fatil se voc\u00ea pudesse enviar um e-mail com: <\/p>\n<p>\u2022 por que voc\u00ea se sente insatisfeito com o servi\u00e7o que recebeu; <br>\u2022 como prefere ser contatado sobre sua reclama\u00e7\u00e3o; <br>\u2022 se houver algo em particular que voc\u00ea gostaria que fiz\u00e9ssemos para resolver sua reclama\u00e7\u00e3o. <\/p>\n<p>Se preferir n\u00e3o enviar os detalhes da sua reclama\u00e7\u00e3o por e-mail dessa forma, entre em contato para discutirmos a melhor maneira de entender suas preocupa\u00e7\u00f5es. <\/p>\n<p><b>O que acontece depois de eu ter feito uma reclama\u00e7\u00e3o de acordo com esta pol\u00edtica?<\/b> <\/p>\n<p>N\u00f3s vamos: <br>\u2022 enviar uma confirma\u00e7\u00e3o de sua reclama\u00e7\u00e3o em at\u00e9 7 dias ap\u00f3s o recebimento; <br>\u2022 registrar sua reclama\u00e7\u00e3o em nosso registro central de reclama\u00e7\u00f5es; <br>\u2022 investigar as preocupa\u00e7\u00f5es e organizar uma discuss\u00e3o com voc\u00ea para tentar chegar a um acordo sobre como resolver o problema <br>os problemas em at\u00e9 21 dias ap\u00f3s o recebimento de sua reclama\u00e7\u00e3o; <br>\u2022 escreveremos para voc\u00ea no prazo de 28 dias ap\u00f3s o recebimento da reclama\u00e7\u00e3o para confirmar o resultado da mesma. <\/p>\n<p>Em circunst\u00e2ncias excepcionais, pode ser necess\u00e1rio prorrogar esses prazos, mas tentaremos acordar quaisquer varia\u00e7\u00f5es com voc\u00ea primeiro. Se voc\u00ea continuar insatisfeito ap\u00f3s 8 semanas, no m\u00e1ximo, sempre garantiremos que voc\u00ea seja lembrado, nesse momento, de como fazer uma reclama\u00e7\u00e3o ao Ombudsman Jur\u00eddico, se voc\u00ea for eleg\u00edvel para isso. <br><b><br>Qual pode ser o resultado de minha reclama\u00e7\u00e3o?<\/b> <\/p>\n<p>Lamentamos muito qualquer insatisfa\u00e7\u00e3o de nossos clientes e n\u00e3o hesitaremos em pedir desculpas quando nosso servi\u00e7o estiver abaixo de nossos altos padr\u00f5es. Tamb\u00e9m podemos concordar que certas medidas ser\u00e3o tomadas para melhorar sua situa\u00e7\u00e3o e garantir que os problemas enfrentados n\u00e3o voltem a ocorrer. <br><b><br>E se eu continuar insatisfeito?<\/b> <br>O Ombudsman Jur\u00eddico poder\u00e1 ajud\u00e1-lo se n\u00e3o conseguirmos resolver sua reclama\u00e7\u00e3o por conta pr\u00f3pria. Ele analisar\u00e1 as reclama\u00e7\u00f5es de forma independente e o acesso ao Ombudsman n\u00e3o afetar\u00e1 a forma como lidamos com o seu caso. A maioria dos clientes \u201cconsumidores\u201d (em oposi\u00e7\u00e3o a grandes empresas) poder\u00e1 fazer uso do esquema do Ombudsman, mas h\u00e1 restri\u00e7\u00f5es para alguns clientes maiores. Antes de aceitar uma reclama\u00e7\u00e3o para investiga\u00e7\u00e3o, o Ombudsman Jur\u00eddico normalmente verificar\u00e1 se voc\u00ea tentou resolver sua reclama\u00e7\u00e3o conosco primeiro. <br><b><br>Tempos limites:<\/b> <\/p>\n<p>Caso deseje apresentar uma reclama\u00e7\u00e3o ao Ombudsman, n\u00e3o demore a lev\u00e1-la ao conhecimento dele ap\u00f3s a conclus\u00e3o de nosso pr\u00f3prio processo de reclama\u00e7\u00f5es, pois h\u00e1 alguns limites de tempo para que isso seja feito. <\/p>\n<p>Voc\u00ea deve levar sua reclama\u00e7\u00e3o ao Ombudsman Jur\u00eddico no prazo de seis meses ap\u00f3s receber uma resposta final \u00e0 sua reclama\u00e7\u00e3o de nossa parte. A partir de 1\u00ba de abril de 2023, o Legal Ombudsman tamb\u00e9m espera que as reclama\u00e7\u00f5es sejam feitas a ele no prazo de um ano a partir da data do ato ou omiss\u00e3o sobre o qual voc\u00ea est\u00e1 preocupado ou no prazo de um ano ap\u00f3s voc\u00ea ter percebido que havia uma preocupa\u00e7\u00e3o. A exig\u00eancia de encaminhar suas preocupa\u00e7\u00f5es ao Ombudsman Jur\u00eddico no prazo de seis meses ap\u00f3s nossa resposta final a voc\u00ea permanece a mesma. <\/p>\n<p>Se desejar obter mais informa\u00e7\u00f5es sobre o Legal Ombudsman, entre em contato com ele: <\/p>\n<p>Visite:&nbsp;<a href=\"http:\/\/www.legalombudsman.org.uk\" target=\"_blank\">www.legalombudsman.org.uk<\/a><br>Ligue: 0300 555 0333 (Entre 9am a 5pm). <br>Email: enquiries@legalombudsman.org.uk <br>Endere\u00e7o: Legal Ombudsman PO Box 6806, Wolverhampton, WV1 9WJ <\/p>\n<p>E quanto \u00e0s reclama\u00e7\u00f5es de m\u00e1 conduta?&nbsp; <\/p>\n<p>A VS Lawyers \u00e9 autorizada e regulamentada pela Solicitors Regulation Authority (Autoriza\u00e7\u00e3o n\u00ba 8005569). Se voc\u00ea tiver alguma preocupa\u00e7\u00e3o sobre qualquer m\u00e1 conduta ou viola\u00e7\u00e3o do C\u00f3digo de Conduta da SRA por parte de nossa empresa, como roubo ou perda de seu dinheiro, desonestidade ou discrimina\u00e7\u00e3o, voc\u00ea tamb\u00e9m pode relatar o assunto ao nosso \u00f3rg\u00e3o regulador, a Solicitors Regulation Authority. <\/p>\n<p>Os detalhes: <\/p>\n<p>The Solicitors Regulation Authority <\/p>\n<p>The Cube <br>Wharfside Street <br>Birmingham <br>B1 1RN <br>0370 606 2555 <\/p>\n<p><a href=\"http:\/\/www.sra.org.uk\/consumers\/problems\/report-solicitor.page\" target=\"_blank\">http:\/\/www.sra.org.uk\/consumers\/problems\/report-solicitor.page<\/a><br><\/p>\t\t\t\t\t\t<\/div>\n\t\t\t\t<\/div>\n\t\t\t\t\t<\/div>\n\t\t<\/div>\n\t\t\t\t\t<\/div>\n\t\t<\/section>\n\t\t\t\t<section data-particle_enable=\"false\" data-particle-mobile-disabled=\"false\" class=\"elementor-section elementor-top-section elementor-element elementor-element-4e08ceb2 elementor-section-boxed elementor-section-height-default elementor-section-height-default\" data-id=\"4e08ceb2\" data-element_type=\"section\" data-settings=\"{&quot;background_background&quot;:&quot;classic&quot;,&quot;jet_parallax_layout_list&quot;:[]}\">\n\t\t\t\t\t\t\t<div class=\"elementor-background-overlay\"><\/div>\n\t\t\t\t\t\t\t<div class=\"elementor-container elementor-column-gap-no\">\n\t\t\t\t\t<div class=\"elementor-column elementor-col-100 elementor-top-column elementor-element elementor-element-48fa464c\" data-id=\"48fa464c\" data-element_type=\"column\" data-settings=\"{&quot;background_background&quot;:&quot;classic&quot;}\">\n\t\t\t<div class=\"elementor-widget-wrap elementor-element-populated\">\n\t\t\t\t\t<div class=\"elementor-background-overlay\"><\/div>\n\t\t\t\t\t\t<div class=\"elementor-element elementor-element-556efca3 elementor-widget__width-initial elementor-widget-tablet__width-inherit elementor-widget elementor-widget-heading\" data-id=\"556efca3\" data-element_type=\"widget\" data-widget_type=\"heading.default\">\n\t\t\t\t<div class=\"elementor-widget-container\">\n\t\t\t<h2 class=\"elementor-heading-title elementor-size-default\">Encontre solu\u00e7\u00f5es\njur\u00eddicas hoje<\/h2>\t\t<\/div>\n\t\t\t\t<\/div>\n\t\t\t\t<div class=\"elementor-element elementor-element-4db03f1f elementor-widget elementor-widget-heading\" data-id=\"4db03f1f\" data-element_type=\"widget\" data-widget_type=\"heading.default\">\n\t\t\t\t<div class=\"elementor-widget-container\">\n\t\t\t<p class=\"elementor-heading-title elementor-size-default\">Marque a sua consulta para obter orienta\u00e7\u00e3o e apoio especializado.<\/p>\t\t<\/div>\n\t\t\t\t<\/div>\n\t\t\t\t<div class=\"elementor-element elementor-element-37ba1f0d elementor-align-center elementor-widget elementor-widget-button\" data-id=\"37ba1f0d\" data-element_type=\"widget\" data-widget_type=\"button.default\">\n\t\t\t\t<div class=\"elementor-widget-container\">\n\t\t\t\t\t<div class=\"elementor-button-wrapper\">\n\t\t\t<a class=\"elementor-button elementor-button-link elementor-size-md elementor-animation-shrink\" href=\"https:\/\/vslawyers.co.uk\/pt\/contact\/\">\n\t\t\t\t\t\t<span class=\"elementor-button-content-wrapper\">\n\t\t\t\t\t\t<span class=\"elementor-button-text\">Contato<\/span>\n\t\t<\/span>\n\t\t\t\t\t<\/a>\n\t\t<\/div>\n\t\t\t\t<\/div>\n\t\t\t\t<\/div>\n\t\t\t\t\t<\/div>\n\t\t<\/div>\n\t\t\t\t\t<\/div>\n\t\t<\/section>\n\t\t\t\t<\/div>","protected":false},"excerpt":{"rendered":"<p>complaints feedback Client feedback and complaints policy We are committed to providing a quality service to our clients. We value feedback from clients greatly because it helps us to continually improve our service. If you do not feel that you are receiving excellent client service or that something could be improved, please do tell us [&hellip;]<\/p>","protected":false},"author":2,"featured_media":0,"parent":0,"menu_order":0,"comment_status":"closed","ping_status":"closed","template":"","meta":{"footnotes":"","_joinchat":[]},"yoast_head":"<!-- This site is optimized with the Yoast SEO plugin v22.2 - https:\/\/yoast.com\/wordpress\/plugins\/seo\/ -->\n<title>Complaints - VS Lawyers<\/title>\n<meta name=\"description\" content=\"complaints feedback Client feedback and complaints policy We are committed to providing a quality service to our clients. We value feedback from clients\" \/>\n<meta name=\"robots\" content=\"index, follow, max-snippet:-1, max-image-preview:large, max-video-preview:-1\" \/>\n<link rel=\"canonical\" href=\"https:\/\/vslawyers.co.uk\/pt\/complaints\/\" \/>\n<meta property=\"og:locale\" content=\"pt_BR\" \/>\n<meta property=\"og:type\" content=\"article\" \/>\n<meta property=\"og:title\" content=\"Complaints - VS Lawyers\" \/>\n<meta property=\"og:description\" content=\"complaints feedback Client feedback and complaints policy We are committed to providing a quality service to our clients. We value feedback from clients\" \/>\n<meta property=\"og:url\" content=\"https:\/\/vslawyers.co.uk\/pt\/complaints\/\" \/>\n<meta property=\"og:site_name\" content=\"VS Lawyers\" \/>\n<meta property=\"article:modified_time\" content=\"2024-03-06T22:35:48+00:00\" \/>\n<meta property=\"og:image\" content=\"https:\/\/vslawyers.co.uk\/wp-content\/uploads\/2024\/03\/Untitled-3-01.png\" \/>\n\t<meta property=\"og:image:width\" content=\"1200\" \/>\n\t<meta property=\"og:image:height\" content=\"630\" \/>\n\t<meta property=\"og:image:type\" content=\"image\/png\" \/>\n<meta name=\"twitter:card\" content=\"summary_large_image\" \/>\n<meta name=\"twitter:label1\" content=\"Est. tempo de leitura\" \/>\n\t<meta name=\"twitter:data1\" content=\"4 minutos\" \/>\n<script type=\"application\/ld+json\" class=\"yoast-schema-graph\">{\"@context\":\"https:\/\/schema.org\",\"@graph\":[{\"@type\":\"WebPage\",\"@id\":\"https:\/\/vslawyers.co.uk\/complaints\/\",\"url\":\"https:\/\/vslawyers.co.uk\/complaints\/\",\"name\":\"Complaints - VS Lawyers\",\"isPartOf\":{\"@id\":\"https:\/\/vslawyers.co.uk\/#website\"},\"datePublished\":\"2024-01-02T17:49:47+00:00\",\"dateModified\":\"2024-03-06T22:35:48+00:00\",\"description\":\"complaints feedback Client feedback and complaints policy We are committed to providing a quality service to our clients. We value feedback from clients\",\"breadcrumb\":{\"@id\":\"https:\/\/vslawyers.co.uk\/complaints\/#breadcrumb\"},\"inLanguage\":\"pt-BR\",\"potentialAction\":[{\"@type\":\"ReadAction\",\"target\":[\"https:\/\/vslawyers.co.uk\/complaints\/\"]}]},{\"@type\":\"BreadcrumbList\",\"@id\":\"https:\/\/vslawyers.co.uk\/complaints\/#breadcrumb\",\"itemListElement\":[{\"@type\":\"ListItem\",\"position\":1,\"name\":\"In\u00edcio\",\"item\":\"https:\/\/vslawyers.co.uk\/\"},{\"@type\":\"ListItem\",\"position\":2,\"name\":\"Complaints\"}]},{\"@type\":\"WebSite\",\"@id\":\"https:\/\/vslawyers.co.uk\/#website\",\"url\":\"https:\/\/vslawyers.co.uk\/\",\"name\":\"VS Lawyers - UK Immigration Solicitors\",\"description\":\"VS Lawyers is a law firm consisting of solicitors and legal professionals with expertise in UK immigration law and citizenship.\",\"publisher\":{\"@id\":\"https:\/\/vslawyers.co.uk\/#organization\"},\"alternateName\":\"VS Lawyers\",\"potentialAction\":[{\"@type\":\"SearchAction\",\"target\":{\"@type\":\"EntryPoint\",\"urlTemplate\":\"https:\/\/vslawyers.co.uk\/?s={search_term_string}\"},\"query-input\":\"required name=search_term_string\"}],\"inLanguage\":\"pt-BR\"},{\"@type\":\"Organization\",\"@id\":\"https:\/\/vslawyers.co.uk\/#organization\",\"name\":\"VS Lawyers - UK Immigration Solicitors\",\"alternateName\":\"VS Lawyers\",\"url\":\"https:\/\/vslawyers.co.uk\/\",\"logo\":{\"@type\":\"ImageObject\",\"inLanguage\":\"pt-BR\",\"@id\":\"https:\/\/vslawyers.co.uk\/#\/schema\/logo\/image\/\",\"url\":\"http:\/\/vslawyers.co.uk\/wp-content\/uploads\/2024\/02\/logo-1-vs-2048x683-3.jpg\",\"contentUrl\":\"http:\/\/vslawyers.co.uk\/wp-content\/uploads\/2024\/02\/logo-1-vs-2048x683-3.jpg\",\"width\":650,\"height\":649,\"caption\":\"VS Lawyers - UK Immigration Solicitors\"},\"image\":{\"@id\":\"https:\/\/vslawyers.co.uk\/#\/schema\/logo\/image\/\"},\"sameAs\":[\"https:\/\/www.instagram.com\/drvicentedossantos\"]}]}<\/script>\n<!-- \/ Yoast SEO plugin. -->","yoast_head_json":{"title":"Complaints - VS Lawyers","description":"complaints feedback Client feedback and complaints policy We are committed to providing a quality service to our clients. We value feedback from clients","robots":{"index":"index","follow":"follow","max-snippet":"max-snippet:-1","max-image-preview":"max-image-preview:large","max-video-preview":"max-video-preview:-1"},"canonical":"https:\/\/vslawyers.co.uk\/pt\/complaints\/","og_locale":"pt_BR","og_type":"article","og_title":"Complaints - VS Lawyers","og_description":"complaints feedback Client feedback and complaints policy We are committed to providing a quality service to our clients. We value feedback from clients","og_url":"https:\/\/vslawyers.co.uk\/pt\/complaints\/","og_site_name":"VS Lawyers","article_modified_time":"2024-03-06T22:35:48+00:00","og_image":[{"width":1200,"height":630,"url":"https:\/\/vslawyers.co.uk\/wp-content\/uploads\/2024\/03\/Untitled-3-01.png","type":"image\/png"}],"twitter_card":"summary_large_image","twitter_misc":{"Est. tempo de leitura":"4 minutos"},"schema":{"@context":"https:\/\/schema.org","@graph":[{"@type":"WebPage","@id":"https:\/\/vslawyers.co.uk\/complaints\/","url":"https:\/\/vslawyers.co.uk\/complaints\/","name":"Complaints - VS Lawyers","isPartOf":{"@id":"https:\/\/vslawyers.co.uk\/#website"},"datePublished":"2024-01-02T17:49:47+00:00","dateModified":"2024-03-06T22:35:48+00:00","description":"complaints feedback Client feedback and complaints policy We are committed to providing a quality service to our clients. We value feedback from clients","breadcrumb":{"@id":"https:\/\/vslawyers.co.uk\/complaints\/#breadcrumb"},"inLanguage":"pt-BR","potentialAction":[{"@type":"ReadAction","target":["https:\/\/vslawyers.co.uk\/complaints\/"]}]},{"@type":"BreadcrumbList","@id":"https:\/\/vslawyers.co.uk\/complaints\/#breadcrumb","itemListElement":[{"@type":"ListItem","position":1,"name":"In\u00edcio","item":"https:\/\/vslawyers.co.uk\/"},{"@type":"ListItem","position":2,"name":"Complaints"}]},{"@type":"WebSite","@id":"https:\/\/vslawyers.co.uk\/#website","url":"https:\/\/vslawyers.co.uk\/","name":"VS Lawyers - UK Immigration Solicitors","description":"VS Lawyers is a law firm consisting of solicitors and legal professionals with expertise in UK immigration law and citizenship.","publisher":{"@id":"https:\/\/vslawyers.co.uk\/#organization"},"alternateName":"VS Lawyers","potentialAction":[{"@type":"SearchAction","target":{"@type":"EntryPoint","urlTemplate":"https:\/\/vslawyers.co.uk\/?s={search_term_string}"},"query-input":"required name=search_term_string"}],"inLanguage":"pt-BR"},{"@type":"Organization","@id":"https:\/\/vslawyers.co.uk\/#organization","name":"VS Lawyers - UK Immigration Solicitors","alternateName":"VS Lawyers","url":"https:\/\/vslawyers.co.uk\/","logo":{"@type":"ImageObject","inLanguage":"pt-BR","@id":"https:\/\/vslawyers.co.uk\/#\/schema\/logo\/image\/","url":"http:\/\/vslawyers.co.uk\/wp-content\/uploads\/2024\/02\/logo-1-vs-2048x683-3.jpg","contentUrl":"http:\/\/vslawyers.co.uk\/wp-content\/uploads\/2024\/02\/logo-1-vs-2048x683-3.jpg","width":650,"height":649,"caption":"VS Lawyers - UK Immigration Solicitors"},"image":{"@id":"https:\/\/vslawyers.co.uk\/#\/schema\/logo\/image\/"},"sameAs":["https:\/\/www.instagram.com\/drvicentedossantos"]}]}},"_links":{"self":[{"href":"https:\/\/vslawyers.co.uk\/pt\/wp-json\/wp\/v2\/pages\/243"}],"collection":[{"href":"https:\/\/vslawyers.co.uk\/pt\/wp-json\/wp\/v2\/pages"}],"about":[{"href":"https:\/\/vslawyers.co.uk\/pt\/wp-json\/wp\/v2\/types\/page"}],"author":[{"embeddable":true,"href":"https:\/\/vslawyers.co.uk\/pt\/wp-json\/wp\/v2\/users\/2"}],"replies":[{"embeddable":true,"href":"https:\/\/vslawyers.co.uk\/pt\/wp-json\/wp\/v2\/comments?post=243"}],"version-history":[{"count":31,"href":"https:\/\/vslawyers.co.uk\/pt\/wp-json\/wp\/v2\/pages\/243\/revisions"}],"predecessor-version":[{"id":976,"href":"https:\/\/vslawyers.co.uk\/pt\/wp-json\/wp\/v2\/pages\/243\/revisions\/976"}],"wp:attachment":[{"href":"https:\/\/vslawyers.co.uk\/pt\/wp-json\/wp\/v2\/media?parent=243"}],"curies":[{"name":"wp","href":"https:\/\/api.w.org\/{rel}","templated":true}]}}